{"id":923,"date":"2018-07-10T12:50:00","date_gmt":"2018-07-10T15:50:00","guid":{"rendered":"https:\/\/isfd802-chu.infd.edu.ar\/sitio\/?page_id=923"},"modified":"2018-07-29T20:25:12","modified_gmt":"2018-07-29T23:25:12","slug":"pagina-de-martinelli-n-1","status":"publish","type":"page","link":"https:\/\/isfd802-chu.infd.edu.ar\/sitio\/pagina-de-martinelli-n-1\/","title":{"rendered":"Carreras"},"content":{"rendered":"<p>Actualmente contamos con las siguientes carrearas:<\/p>\n<ul>\n<li>Profesorado de Educaci\u00f3n Inicial<\/li>\n<li>Profesorado de Educaci\u00f3n Especial &#8211; Orientaci\u00f3n en Discapacidad Intelectual<\/li>\n<li>Profesorado de Educaci\u00f3n Especial &#8211; Orientaci\u00f3n en Sordos e Hipoac\u00fasicos<\/li>\n<li>Profesorado de Educaci\u00f3n Especial &#8211; Orientaci\u00f3n en Ciegos y Disminu\u00eddos Visuales<\/li>\n<li>Profesorado de Educaci\u00f3n Secundaria en F\u00edsica<\/li>\n<li>Profesorado de Educaci\u00f3n Secundaria en Qu\u00edmica<\/li>\n<li>Profesorado de Educaci\u00f3n Tecnol\u00f3gica<\/li>\n<li>Tecnicatura Superior en Bibliotecolog\u00eda<\/li>\n<\/ul>\n<p>Por favor dir\u00edjase a cada una de las secciones para mas informaci\u00f3n.<\/p>\n","protected":false},"excerpt":{"rendered":"<p>Actualmente contamos con las siguientes carrearas: Profesorado de Educaci\u00f3n Inicial Profesorado de Educaci\u00f3n Especial &#8211; Orientaci\u00f3n en Discapacidad Intelectual Profesorado de Educaci\u00f3n Especial &#8211; Orientaci\u00f3n en Sordos e Hipoac\u00fasicos Profesorado de Educaci\u00f3n Especial &#8211; Orientaci\u00f3n en Ciegos y Disminu\u00eddos Visuales Profesorado de Educaci\u00f3n Secundaria en F\u00edsica Profesorado de Educaci\u00f3n Secundaria en Qu\u00edmica Profesorado de Educaci\u00f3n &#8230; <a title=\"Carreras\" class=\"read-more\" href=\"https:\/\/isfd802-chu.infd.edu.ar\/sitio\/pagina-de-martinelli-n-1\/\" aria-label=\"More on Carreras\">[+]<\/a><\/p>\n","protected":false},"author":3078,"featured_media":0,"parent":0,"menu_order":0,"comment_status":"closed","ping_status":"closed","template":"","meta":[],"acf":[],"_links":{"self":[{"href":"https:\/\/isfd802-chu.infd.edu.ar\/sitio\/wp-json\/wp\/v2\/pages\/923"}],"collection":[{"href":"https:\/\/isfd802-chu.infd.edu.ar\/sitio\/wp-json\/wp\/v2\/pages"}],"about":[{"href":"https:\/\/isfd802-chu.infd.edu.ar\/sitio\/wp-json\/wp\/v2\/types\/page"}],"author":[{"embeddable":true,"href":"https:\/\/isfd802-chu.infd.edu.ar\/sitio\/wp-json\/wp\/v2\/users\/3078"}],"replies":[{"embeddable":true,"href":"https:\/\/isfd802-chu.infd.edu.ar\/sitio\/wp-json\/wp\/v2\/comments?post=923"}],"version-history":[{"count":5,"href":"https:\/\/isfd802-chu.infd.edu.ar\/sitio\/wp-json\/wp\/v2\/pages\/923\/revisions"}],"predecessor-version":[{"id":1098,"href":"https:\/\/isfd802-chu.infd.edu.ar\/sitio\/wp-json\/wp\/v2\/pages\/923\/revisions\/1098"}],"wp:attachment":[{"href":"https:\/\/isfd802-chu.infd.edu.ar\/sitio\/wp-json\/wp\/v2\/media?parent=923"}],"curies":[{"name":"wp","href":"https:\/\/api.w.org\/{rel}","templated":true}]}}