{"id":890,"date":"2018-07-02T18:55:32","date_gmt":"2018-07-02T21:55:32","guid":{"rendered":"https:\/\/isfd802-chu.infd.edu.ar\/sitio\/autoridades\/"},"modified":"2025-12-02T20:47:57","modified_gmt":"2025-12-02T23:47:57","slug":"autoridades","status":"publish","type":"page","link":"https:\/\/isfd802-chu.infd.edu.ar\/sitio\/autoridades\/","title":{"rendered":"Autoridades"},"content":{"rendered":"\n<p><\/p>\n\n\n\n<h4 class=\"wp-block-heading\">Organizaci\u00f3n Institucional<\/h4>\n\n\n\n<h4 class=\"wp-block-heading\"><strong><img decoding=\"async\" loading=\"lazy\" class=\"wp-image-3790 alignleft\" src=\"https:\/\/isfd802-chu.infd.edu.ar\/sitio\/wp-content\/uploads\/2024\/02\/ED_2024.webp\" alt=\"\" width=\"367\" height=\"367\" srcset=\"https:\/\/isfd802-chu.infd.edu.ar\/sitio\/wp-content\/uploads\/2024\/02\/ED_2024.webp 512w, https:\/\/isfd802-chu.infd.edu.ar\/sitio\/wp-content\/uploads\/2024\/02\/ED_2024-500x500.webp 500w\" sizes=\"(max-width: 367px) 100vw, 367px\" \/>&nbsp;<\/strong><\/h4>\n\n\n\n<h5 class=\"wp-block-heading\"><strong style=\"font-size: 1.5em;\">Mg. Prof. Ramon Yba\u00f1ez<\/strong><\/h5>\n\n\n\n<h5 class=\"wp-block-heading\"><strong>DIRECTOR<\/strong><\/h5>\n\n\n\n<h4 class=\"wp-block-heading\"><strong>Prof y Lic. Silvia Lukievicz&nbsp;<\/strong><\/h4>\n\n\n\n<h5 class=\"wp-block-heading\">Vice Directora&nbsp;<\/h5>\n\n\n\n<h4 class=\"wp-block-heading\"><strong>Lic.<\/strong><strong> Andrea Barrionuevo<\/strong><\/h4>\n\n\n\n<h5 class=\"wp-block-heading\"><strong>Secretaria Acad\u00e9mica<\/strong><\/h5>\n\n\n\n<h4 class=\"wp-block-heading\">Coordinaciones de L\u00ednea<\/h4>\n\n\n\n<p><\/p>\n\n\n\n<ul>\n<li class=\"has-medium-font-size\">Prof. Natalia Hern\u00e1ndez- Coordinaci\u00f3n de Desarrollo Profesional y Acompa\u00f1amiento Pedag\u00f3gico<\/li>\n\n\n\n<li class=\"has-medium-font-size\">Mg. Prof. Mariel Pacheco &#8211; Coordinaci\u00f3n de Investigaci\u00f3n<\/li>\n<\/ul>\n\n\n\n<h4 class=\"wp-block-heading\">Coordinaciones de carreras<\/h4>\n\n\n\n<p><\/p>\n\n\n\n<ul>\n<li class=\"has-medium-font-size\">Lic. Carla Alfeo &#8211; Prof. de Educaci\u00f3n Especial con orientaci\u00f3n en Discapacidad Intelectual<\/li>\n\n\n\n<li class=\"has-medium-font-size\">Prof. Marta Rearte- Prof. de Educaci\u00f3n Especial con orientaci\u00f3n en Sordos e Hipoac\u00fasicos<\/li>\n\n\n\n<li class=\"has-medium-font-size\">Lic. Viviana Traversa- Prof. de Educaci\u00f3n Especial con orientaci\u00f3n en Ciegos y Disminuidos Visuales<\/li>\n\n\n\n<li class=\"has-medium-font-size\">Prof. Romina Cuenca &#8211; Prof. de Educaci\u00f3n Inicial<\/li>\n\n\n\n<li class=\"has-medium-font-size\">Prof. y Lic. Karina Kysa- Prof. de Educaci\u00f3n Tecnol\u00f3gica<\/li>\n\n\n\n<li class=\"has-medium-font-size\">Ing. Viviana Radovic &#8211;  Prof. de Educaci\u00f3n Secundaria en Qu\u00edmica &#8211; Prof. de Educaci\u00f3n Secundaria en F\u00edsica<\/li>\n\n\n\n<li class=\"has-medium-font-size\">Lic. Haydee Murga -Tecnicatura Superior en Bibliotecolog\u00eda<\/li>\n\n\n\n<li class=\"has-medium-font-size\">Tec. Juan Carlos C\u00e1rdenas &#8211; Tecnicatura Superior en Econom\u00eda Social y Desarrollo Local &#8211; Tecnicatura Superior en Administraci\u00f3n P\u00fablica con orientaci\u00f3n en Desarrollo Local.<\/li>\n\n\n\n<li class=\"has-medium-font-size\">Prof. Barbara Capovilla &#8211; Tecnicatura en Turismo.  <\/li>\n<\/ul>\n\n\n\n<p><\/p>\n\n\n\n<h4 class=\"wp-block-heading\">\u00c1rea administrativa<\/h4>\n\n\n\n<ul>\n<li class=\"has-medium-font-size\"><em>Prof. Ver\u00f3nica Mart\u00ednez &#8211; Secretaria Administrativa<\/em><\/li>\n\n\n\n<li class=\"has-medium-font-size\"><em>Prof. Pedro Quiroga. Asistente Administrativo<\/em><\/li>\n\n\n\n<li class=\"has-medium-font-size\"><em>Florencia Currulef &#8211; Recepci\u00f3n<\/em><\/li>\n<\/ul>\n\n\n\n<p><\/p>\n\n\n\n<h4 class=\"wp-block-heading\"><strong>Centro de Informaci\u00f3n y Documentaci\u00f3n: Biblioteca Mirta Luz Clara<\/strong><\/h4>\n\n\n\n<ul>\n<li class=\"has-medium-font-size\"><em>Tec. Cotognini Brenda<br><\/em><\/li>\n<\/ul>\n\n\n\n<h4 class=\"wp-block-heading\"><strong>Centro de <\/strong>Recursos Tecnol\u00f3gicos<\/h4>\n\n\n\n<ul>\n<li class=\"has-medium-font-size\">Responsable Prof. Guillermo Jaramillo<\/li>\n\n\n\n<li class=\"has-medium-font-size\"><em>Facilitadora TIC- Prof. Emilia Lobo<\/em><\/li>\n<\/ul>\n\n\n\n<h4 class=\"wp-block-heading\"><strong>Coordinaci\u00f3n Institucional de Pol\u00edticas Institucionales (CIPE)<\/strong><\/h4>\n\n\n\n<ul>\n<li class=\"has-medium-font-size\"><em>Lic. Cecilia Moraga<\/em><\/li>\n<\/ul>\n\n\n\n<h4 class=\"wp-block-heading\">Bedelia<\/h4>\n\n\n\n<ul>\n<li class=\"has-medium-font-size\"><em>Prof. Lorena Lapchuk<\/em><\/li>\n\n\n\n<li class=\"has-medium-font-size\">Prof. Alvarez Agust\u00edn<\/li>\n\n\n\n<li class=\"has-medium-font-size\"><em>Prof. Gabriela Borobio<\/em><\/li>\n\n\n\n<li class=\"has-medium-font-size\"><em>Lic. Silvana Mart\u00ednez<\/em><\/li>\n\n\n\n<li class=\"has-medium-font-size\"><em>Tec. Marcelo Martinelli<\/em><\/li>\n\n\n\n<li class=\"has-medium-font-size\"><em>Tec. Hern\u00e1n Albornoz (ATP)<\/em><\/li>\n<\/ul>\n\n\n\n<h4 class=\"wp-block-heading\">Personal operativo<\/h4>\n\n\n\n<ul>\n<li class=\"has-medium-font-size\">Fabi\u00e1n Garses<\/li>\n\n\n\n<li class=\"has-medium-font-size\"><em>Sandra Rodr\u00edguez<\/em><\/li>\n\n\n\n<li class=\"has-medium-font-size\"><em>Luis Cocha<\/em><\/li>\n<\/ul>\n","protected":false},"excerpt":{"rendered":"<p>Organizaci\u00f3n Institucional &nbsp; Mg. Prof. Ramon Yba\u00f1ez DIRECTOR Prof y Lic. Silvia Lukievicz&nbsp; Vice Directora&nbsp; Lic. Andrea Barrionuevo Secretaria Acad\u00e9mica Coordinaciones de L\u00ednea Coordinaciones de carreras \u00c1rea administrativa Centro de Informaci\u00f3n y Documentaci\u00f3n: Biblioteca Mirta Luz Clara Centro de Recursos Tecnol\u00f3gicos Coordinaci\u00f3n Institucional de Pol\u00edticas Institucionales (CIPE) Bedelia Personal operativo<\/p>\n","protected":false},"author":3078,"featured_media":0,"parent":0,"menu_order":0,"comment_status":"closed","ping_status":"closed","template":"","meta":[],"acf":[],"_links":{"self":[{"href":"https:\/\/isfd802-chu.infd.edu.ar\/sitio\/wp-json\/wp\/v2\/pages\/890"}],"collection":[{"href":"https:\/\/isfd802-chu.infd.edu.ar\/sitio\/wp-json\/wp\/v2\/pages"}],"about":[{"href":"https:\/\/isfd802-chu.infd.edu.ar\/sitio\/wp-json\/wp\/v2\/types\/page"}],"author":[{"embeddable":true,"href":"https:\/\/isfd802-chu.infd.edu.ar\/sitio\/wp-json\/wp\/v2\/users\/3078"}],"replies":[{"embeddable":true,"href":"https:\/\/isfd802-chu.infd.edu.ar\/sitio\/wp-json\/wp\/v2\/comments?post=890"}],"version-history":[{"count":26,"href":"https:\/\/isfd802-chu.infd.edu.ar\/sitio\/wp-json\/wp\/v2\/pages\/890\/revisions"}],"predecessor-version":[{"id":4379,"href":"https:\/\/isfd802-chu.infd.edu.ar\/sitio\/wp-json\/wp\/v2\/pages\/890\/revisions\/4379"}],"wp:attachment":[{"href":"https:\/\/isfd802-chu.infd.edu.ar\/sitio\/wp-json\/wp\/v2\/media?parent=890"}],"curies":[{"name":"wp","href":"https:\/\/api.w.org\/{rel}","templated":true}]}}