{"id":871,"date":"2018-07-10T12:50:00","date_gmt":"2018-07-10T15:50:00","guid":{"rendered":"https:\/\/isfd802-chu.infd.edu.ar\/sitio\/?page_id=871"},"modified":"2026-04-13T12:00:05","modified_gmt":"2026-04-13T15:00:05","slug":"solicitud-de-equivalencias","status":"publish","type":"page","link":"https:\/\/isfd802-chu.infd.edu.ar\/sitio\/solicitud-de-equivalencias\/","title":{"rendered":"Solicitud de Equivalencias"},"content":{"rendered":"<p><u>Estimadas\/os Estudiantes ISFD N\u00b0 802 (Comodoro y Anexos)<\/u><\/p>\n<p>Informamos que daremos comienzo a la segunda etapa de solicitud de equivalencias, se deber\u00e1 tramitar de forma presencial desde <strong>el 13<\/strong>\u00a0<strong>de abril<\/strong>\u00a0<strong>hasta el 28 de abril (inclusive)<\/strong><strong>.<\/strong> Se informar\u00e1 desde plataforma virtual y redes del ISFD,<\/p>\n<ol>\n<li>Completar y adjuntar solicitud de equivalencias (<a href=\"https:\/\/isfd802-chu.infd.edu.ar\/sitio\/wp-content\/uploads\/2026\/03\/Solicitud_Equivalencia_2026.docx\">descargar<\/a>) Se habilitar\u00e1 el 13\/04\/26<\/li>\n<li>Solicitar Anal\u00edtico Original<\/li>\n<li>Solicitar Programas de materias aprobadas (Alumnos de PASE o que provengan de otro instituto)<\/li>\n<li>Alumnos de PASE interno, cambio de plan o cambio de carrera omitir el paso n\u00famero 3.<\/li>\n<li>Adjuntar y presentar en el Instituto de forma presencial en el horario de 19:00 a 21:00 sede Escuela N\u00b01.<\/li>\n<li>Cualquier duda sobre equivalencia consulte al siguiente email: <em><strong>equivalencias.isfd802@gmail.com<\/strong><\/em><\/li>\n<\/ol>\n<p>Es importante que la\/el estudiante se inscriba y curse la UC hasta tanto no tenga confirmaci\u00f3n de la otorgaci\u00f3n de la equivalencia para no generar inconvenientes en el caso que no se otorgue. En los casos que las equivalencias sean otorgadas, podr\u00e1n dejar la cursada dando aviso al docente y sus bedeles.<\/p>\n<p>Tengan en cuenta que, la normativa vigente\u00a0<strong>(RAM)<\/strong>\u00a0expresa sobre las equivalencias:<\/p>\n<p><em>Art\u00edculo 36.- Las equivalencias se otorgan en unidades curriculares pertenecientes a distintos planes de estudio reconocidos por el Ministerio de Educaci\u00f3n de la Naci\u00f3n. Pueden ser entre instituciones de distintas jurisdicciones o entre distintas carreras dentro de una misma instituci\u00f3n o jurisdicci\u00f3n.<\/em><\/p>\n<p>Esto quiere decir que se pueden solicitar equivalencias de UC de carreras de la misma instituci\u00f3n (ISFD N\u00b0 802) o de otras instituciones en nuestra ciudad (otros ISFD), provincia, otros institutos de formaci\u00f3n dentro del pa\u00eds y universidades que est\u00e9n reconocidos por el Ministerio de Educaci\u00f3n de la Naci\u00f3n.\u00a0<em>\u00a0<\/em><\/p>\n<p><em>Art\u00edculo 37.- Las equivalencias deben ser solicitadas por el estudiante por unidad curricular. Se otorgan equivalencias totales o parciales, seg\u00fan los contenidos y la carga horaria.<\/em><\/p>\n<p>Esto implica que la\/el estudiante debe expresar en su nota de pedido cu\u00e1les son las Unidades Curriculares que solicita como equivalentes. No se solicita por carrera, sino por UC. Recuerden que no se otorgan por similitud del nombre de la UC, sino primeramente por carga horaria (igual o superior), si esto no re\u00fane las condiciones ya no se eval\u00faan los contenidos.\u00a0 Tambi\u00e9n pueden evaluarse m\u00e1s de un programa para dar como equivalente una UC. Esta tarea es realizada por la coordinaci\u00f3n de carrera en conjunto con el\/la docente que dicta la UC.<\/p>\n<p><em>Art\u00edculo 38.- Las equivalencias se pueden solicitar en no m\u00e1s de dos momentos al a\u00f1o, y deben resolverse en un plazo no mayor a 30 d\u00edas.<\/em><\/p>\n<p>Este art\u00edculo deja en claro que son solamente dos momentos en el a\u00f1o para la solicitud de equivalencias y ser\u00e1n informadas por la instituci\u00f3n.<\/p>\n<p><em>Art\u00edculo 40.- Se estipula un plazo no mayor a 5 (cinco) a\u00f1os para considerar la vigencia de una unidad curricular cuando se acrediten estudios parciales. Cuando las unidades curriculares aprobadas provengan de carreras completas, dicho plazo se extender\u00e1 a 10 (diez) a\u00f1os.<\/em><\/p>\n","protected":false},"excerpt":{"rendered":"<p>Estimadas\/os Estudiantes ISFD N\u00b0 802 (Comodoro y Anexos) Informamos que daremos comienzo a la segunda etapa de solicitud de equivalencias, se deber\u00e1 tramitar de forma presencial desde el 13\u00a0de abril\u00a0hasta el 28 de abril (inclusive). Se informar\u00e1 desde plataforma virtual y redes del ISFD, Completar y adjuntar solicitud de equivalencias (descargar) Se habilitar\u00e1 el 13\/04\/26 &#8230; <a title=\"Solicitud de Equivalencias\" class=\"read-more\" href=\"https:\/\/isfd802-chu.infd.edu.ar\/sitio\/solicitud-de-equivalencias\/\" aria-label=\"More on Solicitud de Equivalencias\">[+]<\/a><\/p>\n","protected":false},"author":3078,"featured_media":0,"parent":0,"menu_order":0,"comment_status":"closed","ping_status":"closed","template":"","meta":[],"acf":[],"_links":{"self":[{"href":"https:\/\/isfd802-chu.infd.edu.ar\/sitio\/wp-json\/wp\/v2\/pages\/871"}],"collection":[{"href":"https:\/\/isfd802-chu.infd.edu.ar\/sitio\/wp-json\/wp\/v2\/pages"}],"about":[{"href":"https:\/\/isfd802-chu.infd.edu.ar\/sitio\/wp-json\/wp\/v2\/types\/page"}],"author":[{"embeddable":true,"href":"https:\/\/isfd802-chu.infd.edu.ar\/sitio\/wp-json\/wp\/v2\/users\/3078"}],"replies":[{"embeddable":true,"href":"https:\/\/isfd802-chu.infd.edu.ar\/sitio\/wp-json\/wp\/v2\/comments?post=871"}],"version-history":[{"count":40,"href":"https:\/\/isfd802-chu.infd.edu.ar\/sitio\/wp-json\/wp\/v2\/pages\/871\/revisions"}],"predecessor-version":[{"id":4748,"href":"https:\/\/isfd802-chu.infd.edu.ar\/sitio\/wp-json\/wp\/v2\/pages\/871\/revisions\/4748"}],"wp:attachment":[{"href":"https:\/\/isfd802-chu.infd.edu.ar\/sitio\/wp-json\/wp\/v2\/media?parent=871"}],"curies":[{"name":"wp","href":"https:\/\/api.w.org\/{rel}","templated":true}]}}