{"id":852,"date":"2018-07-02T18:55:15","date_gmt":"2018-07-02T21:55:15","guid":{"rendered":"https:\/\/isfd802-chu.infd.edu.ar\/sitio\/disenos-curriculares\/"},"modified":"2025-12-02T14:16:53","modified_gmt":"2025-12-02T17:16:53","slug":"disenos-curriculares","status":"publish","type":"page","link":"https:\/\/isfd802-chu.infd.edu.ar\/sitio\/disenos-curriculares\/","title":{"rendered":"Dise\u00f1os Curriculares"},"content":{"rendered":"<p><span style=\"font-family: 'arial black', 'avant garde';\"><strong>Espacio para Descargas de Dise\u00f1os:\u00a0<\/strong><\/span><\/p>\n<p><span style=\"font-family: 'arial black', 'avant garde';\"><strong><a title=\"DC_Profesorado de Educaci\u00f3n Inicial \" href=\"upload\/DC_Prof_Educacion_Inicial.pdf\" target=\"_blank\" rel=\"noopener\">Profesorado de Educaci\u00f3n Inicial\u00a0<\/a><\/strong><\/span><\/p>\n<p><a href=\"https:\/\/isfd802-chu.infd.edu.ar\/sitio\/wp-content\/uploads\/2022\/02\/DC-ProfDeEducIInicial2022.pdf\" target=\"_blank\" rel=\"noopener\"><strong>Profesorado de Educaci\u00f3n Inicial (2022)<\/strong><\/a><\/p>\n<p><strong><a title=\"DC_Profesorado de Educaci\u00f3n Especial con orientaci\u00f3n en Discapacidad Intelectual\" href=\"upload\/DC_ProfEdEspecial_con_or._Intelectual.pdf\" target=\"_blank\" rel=\"noopener\">Profesorado de Educaci\u00f3n Especial con orientaci\u00f3n en Discapacidad Intelectual<\/a><\/strong><\/p>\n<p><span style=\"color: #339966;\"><strong><a style=\"color: #339966;\" title=\"https:\/\/isfd802-chu.infd.edu.ar\/aula\/archivos\/repositorio\/\/2750\/2898\/Anexo_I_DC_Prof._EdEspecial_or._DiscIntelectual_2.pdf\" href=\"https:\/\/isfd802-chu.infd.edu.ar\/aula\/archivos\/repositorio\/\/2750\/2898\/Anexo_I_DC_Prof._EdEspecial_or._DiscIntelectual_2.pdf\" target=\"_NEW\" rel=\"noopener\">Profesorado de Educaci\u00f3n Especial con orientacion en Discapacidad Intelectual\u00a0(2018)<\/a><\/strong><\/span><\/p>\n<p><strong><a title=\"DC_Profesorado de Educaci\u00f3n Especial con orientaci\u00f3n en Ciegos y Disminuidos Visuales\" href=\"upload\/DC_ProfEdEspecial_con_or._Ciegos_2015.pdf\" target=\"_blank\" rel=\"noopener\">Profesorado de Educaci\u00f3n Especial con orientaci\u00f3n en Ciegos y Disminuidos Visuales<\/a><\/strong><\/p>\n<p><strong><a title=\"DC_Profesorado de Educaci\u00f3n Especial con orientaci\u00f3n en Sordos e Hipoac\u00fasicos\" href=\"upload\/DC_ProfEdEspecial_con_or.__Sordos.pdf\" target=\"_blank\" rel=\"noopener\">Profesorado de Educaci\u00f3n Especial con orientacion en Sordos e Hipoac\u00fasicos<\/a><\/strong><\/p>\n<p><strong><a title=\"DC_Profesorado de Educaci\u00f3n Secundaria en Qu\u00edmica\" href=\"upload\/DC_Prof_Educ_Quimica.pdf\" target=\"_blank\" rel=\"noopener\">Profesorado de Educaci\u00f3n Secundaria en Quimica<\/a><\/strong><\/p>\n<p><a href=\"https:\/\/isfd802-chu.infd.edu.ar\/sitio\/wp-content\/uploads\/2020\/02\/DC_PES-QUI19.pdf\" target=\"_blank\" rel=\"noopener\"><span style=\"color: #339966;\"><strong>Profesorado de Educaci\u00f3n Secundaria en Quimica (2019)<\/strong><\/span><\/a><\/p>\n<p><strong><a title=\"DC_Profesorado de Educaci\u00f3n Secundaria en F\u00edsica\" href=\"upload\/DC_Prof_de_Educacion_en_Fisica.pdf\" target=\"_blank\" rel=\"noopener\">Profesorado de Educaci\u00f3n Secundaria en F\u00edsica<\/a><\/strong><\/p>\n<p><a href=\"https:\/\/isfd802-chu.infd.edu.ar\/sitio\/wp-content\/uploads\/2020\/02\/Res-545.19-PES-Fi\u0301sica.pdf\" target=\"_blank\" rel=\"noopener\"><span style=\"color: #339966;\"><strong>Profesorado de Educaci\u00f3n Secundaria en F\u00edsica\u00a0(2019)<\/strong><\/span><\/a><\/p>\n<p><strong><a title=\"DC_Profesorado en Educaci\u00f3n Tecnol\u00f3gica\" href=\"upload\/DC_Prof_Educacion_Tecnologica.pdf\" target=\"_blank\" rel=\"noopener\">Profesorado de Educaci\u00f3n Tecnol\u00f3gica\u00a0<\/a><\/strong><\/p>\n<p><a href=\"https:\/\/isfd802-chu.infd.edu.ar\/sitio\/wp-content\/uploads\/2022\/02\/DC-ProfDeEducTec2022.pdf\" target=\"_blank\" rel=\"noopener\"><strong>Profesorado de Educaci\u00f3n Tecnol\u00f3gica (2022)<\/strong><\/a><\/p>\n<p><a title=\"Tecnicatura en Bibliotecolog\u00eda \" href=\"upload\/Disen_o_Curricular_Tecnicatura_Superior_en_Bibliotecologia.pdf\" target=\"_blank\" rel=\"noopener\"><strong>Tecnicatura Superior en Bibliotecolog\u00eda<\/strong> \u00a0<\/a><\/p>\n<p><span style=\"color: #339966;\"><strong><a href=\"https:\/\/drive.google.com\/file\/d\/1NZt5ukFXs_LPda_ZYScAMhVDKKZZTcIW\/view?usp=sharing\">Tecnicatura Superior en Turismo <\/a>\u00a0<\/strong><\/span><\/p>\n<p><a href=\"https:\/\/isfd802-chu.infd.edu.ar\/sitio\/wp-content\/uploads\/2019\/11\/DC_TS_Economia_Social.pdf\"><span style=\"color: #339966;\"><strong>Tecnicatura en Econom\u00eda Social y Desarrollo Local\u00a0\u00a0<\/strong><\/span><\/a><\/p>\n<p><a href=\"https:\/\/isfd802-chu.infd.edu.ar\/sitio\/wp-content\/uploads\/2020\/02\/Resolucion_ETP_71-2018.pdf\" target=\"_blank\" rel=\"noopener\"><span style=\"color: #339966;\"><strong>Profesorado para la modalidad T\u00e9cnico Profesional en concurrencia con el t\u00edtulo de base (2018)\u00a0<\/strong><\/span><\/a><\/p>\n<p><a title=\"https:\/\/isfd802-chu.infd.edu.ar\/aula\/archivos\/repositorio\/\/2000\/2176\/DC_Certificacion_en_Pedagogia_y_Ensen_anza_para_la_EscSec.pdf\" href=\"https:\/\/isfd802-chu.infd.edu.ar\/aula\/archivos\/repositorio\/\/2000\/2176\/DC_Certificacion_en_Pedagogia_y_Ensen_anza_para_la_EscSec.pdf\" target=\"_blank\" rel=\"noopener\"><strong>CERTIFICACI\u00d3N DOCENTE EN PEDAGOG\u00cdA Y ENSE\u00d1ANZA PARA LA ESCUELA SECUNDARIA<\/strong>\u00a0<\/a><a title=\"Tecnicatura en Bibliotecolog\u00eda \" href=\"upload\/Disen_o_Curricular_Tecnicatura_Superior_en_Bibliotecologia.pdf\" target=\"_blank\" rel=\"noopener\">\u00a0<\/a><\/p>\n<p><span style=\"color: #ff0000;\">Importante: Hacer click sobre el dise\u00f1o curricular que desea descargar y luego guardar en su computadora.\u00a0<\/span><\/p>\n<p>\u00a0<\/p>\n<p>\u00a0<\/p>\n\n\n\n\n\n\n\n","protected":false},"excerpt":{"rendered":"<p>Espacio para Descargas de Dise\u00f1os:\u00a0 Profesorado de Educaci\u00f3n Inicial\u00a0 Profesorado de Educaci\u00f3n Inicial (2022) Profesorado de Educaci\u00f3n Especial con orientaci\u00f3n en Discapacidad Intelectual Profesorado de Educaci\u00f3n Especial con orientacion en Discapacidad Intelectual\u00a0(2018) Profesorado de Educaci\u00f3n Especial con orientaci\u00f3n en Ciegos y Disminuidos Visuales Profesorado de Educaci\u00f3n Especial con orientacion en Sordos e Hipoac\u00fasicos Profesorado de &#8230; <a title=\"Dise\u00f1os Curriculares\" class=\"read-more\" href=\"https:\/\/isfd802-chu.infd.edu.ar\/sitio\/disenos-curriculares\/\" aria-label=\"More on Dise\u00f1os Curriculares\">[+]<\/a><\/p>\n","protected":false},"author":3078,"featured_media":0,"parent":0,"menu_order":0,"comment_status":"closed","ping_status":"closed","template":"","meta":[],"acf":[],"_links":{"self":[{"href":"https:\/\/isfd802-chu.infd.edu.ar\/sitio\/wp-json\/wp\/v2\/pages\/852"}],"collection":[{"href":"https:\/\/isfd802-chu.infd.edu.ar\/sitio\/wp-json\/wp\/v2\/pages"}],"about":[{"href":"https:\/\/isfd802-chu.infd.edu.ar\/sitio\/wp-json\/wp\/v2\/types\/page"}],"author":[{"embeddable":true,"href":"https:\/\/isfd802-chu.infd.edu.ar\/sitio\/wp-json\/wp\/v2\/users\/3078"}],"replies":[{"embeddable":true,"href":"https:\/\/isfd802-chu.infd.edu.ar\/sitio\/wp-json\/wp\/v2\/comments?post=852"}],"version-history":[{"count":19,"href":"https:\/\/isfd802-chu.infd.edu.ar\/sitio\/wp-json\/wp\/v2\/pages\/852\/revisions"}],"predecessor-version":[{"id":4377,"href":"https:\/\/isfd802-chu.infd.edu.ar\/sitio\/wp-json\/wp\/v2\/pages\/852\/revisions\/4377"}],"wp:attachment":[{"href":"https:\/\/isfd802-chu.infd.edu.ar\/sitio\/wp-json\/wp\/v2\/media?parent=852"}],"curies":[{"name":"wp","href":"https:\/\/api.w.org\/{rel}","templated":true}]}}