{"id":850,"date":"2018-07-02T18:55:14","date_gmt":"2018-07-02T21:55:14","guid":{"rendered":"https:\/\/isfd802-chu.infd.edu.ar\/sitio\/descargas\/"},"modified":"2026-02-21T13:02:24","modified_gmt":"2026-02-21T16:02:24","slug":"descargas","status":"publish","type":"page","link":"https:\/\/isfd802-chu.infd.edu.ar\/sitio\/descargas\/","title":{"rendered":"Descargas"},"content":{"rendered":"\n<p><\/p>\n\n\n\n<ol>\n<li><strong><a href=\"https:\/\/isfd802-chu.infd.edu.ar\/sitio\/wp-content\/uploads\/2026\/02\/Programa_de_catedra_Formato_2026.docx\">Programa de C\u00e1tedra Formato 2026<\/a><\/strong><\/li>\n\n\n\n<li><a href=\"https:\/\/isfd802-chu.infd.edu.ar\/sitio\/wp-content\/uploads\/2026\/02\/Caratula_propuestas_ISFD802_2026.docx\"><strong>Car\u00e1tula de \u00abPresentaci\u00f3n de Propuestas 2026\u00bb<\/strong><\/a> <\/li>\n\n\n\n<li><a href=\"https:\/\/isfd802-chu.infd.edu.ar\/sitio\/wp-content\/uploads\/2026\/02\/cv_institucional_2026.docx\"><strong>CV Institucional<\/strong><\/a><\/li>\n\n\n\n<li><strong><a href=\"https:\/\/isfd802-chu.infd.edu.ar\/sitio\/wp-content\/uploads\/2026\/02\/Formato_INFORME_DE_CATEDRA_2026.docx\">Informe de C\u00e1tedra 2026<\/a><\/strong><\/li>\n\n\n\n<li><a rel=\"noopener\" href=\"https:\/\/isfd802-chu.infd.edu.ar\/sitio\/wp-content\/uploads\/2019\/07\/Ley-654_19-Lactancia-Materna.pdf\" target=\"_blank\">Ley 654\/19 &#8211; Lactancia Materna<\/a><\/li>\n\n\n\n<li><a rel=\"noreferrer noopener\" href=\"https:\/\/isfd802-chu.infd.edu.ar\/sitio\/wp-content\/uploads\/2021\/11\/nota-multiple-36.pdf\" target=\"_blank\">Nota M\u00faltiple 36\/2021 &#8211; DGES &#8211; Ref. Estudiantes con cuidado de ni\u00f1os y ni\u00f1as en horario institucional<\/a><\/li>\n\n\n\n<li><a rel=\"noreferrer noopener\" href=\"https:\/\/isfd802-chu.infd.edu.ar\/sitio\/wp-content\/uploads\/2023\/12\/NotaMultiple05-23.pdf\" target=\"_blank\">Nota M\u00faltiple 05\/2023 &#8211; DGES &#8211; Ref.&nbsp; Adelanto Calendario Escolar 2024<\/a><\/li>\n\n\n\n<li><a href=\"https:\/\/drive.google.com\/file\/d\/1u7EA2qEeCmRBaSzZ4Af0OoOV5WYuZXnQ\/view?usp=sharing\">Disposici\u00f3n N\u00b0 72\/2023 DGES. R\u00e9gimen Acad\u00e9mico Institucional (RAI)<\/a><\/li>\n\n\n\n<li><a href=\"https:\/\/isfd802-chu.infd.edu.ar\/sitio\/wp-content\/uploads\/2025\/09\/Modelo-Planilla-de-Seguros_2025.doc\">Planilla de Seguro Escolar (Alumno\/as con salidas para residencia)<\/a><\/li>\n\n\n\n<li><a rel=\"noreferrer noopener\" href=\"https:\/\/isfd802-chu.infd.edu.ar\/sitio\/wp-content\/uploads\/2021\/12\/REGLAMENTO-ORGANICO-INSTITUCIONAL-ISFD-No-802_Version-revisada-mayo-de-2019.pdf\" target=\"_blank\">Reglamento Org\u00e1nico Institucional (ROI)<\/a><\/li>\n\n\n\n<li><a rel=\"noreferrer noopener\" href=\"https:\/\/isfd802-chu.infd.edu.ar\/sitio\/wp-content\/uploads\/2021\/12\/Disposicion-ROI-802-1.pdf\" target=\"_blank\">Reglamento Org\u00e1nico Institucional (ROI) &#8211; Disposici\u00f3n de aprobaci\u00f3n<\/a><\/li>\n\n\n\n<li><a href=\"https:\/\/isfd802-chu.infd.edu.ar\/sitio\/wp-content\/uploads\/2024\/10\/Reglamento-Jurisdiccional-de-Practicas-y-Residencia.pdf\" data-type=\"URL\">Reglamento Jurisdiccional de Pr\u00e1cticas Y Residencias para la Formaci\u00f3n Docente Inicial<\/a><\/li>\n\n\n\n<li><a href=\"https:\/\/isfd802-chu.infd.edu.ar\/sitio\/rom-ram\/upload\/RESOLUCION_640_14_RAM.pdf\">Regimen Acad\u00e9mico Marco (ROM).<\/a><\/li>\n<\/ol>\n\n\n\n<p><\/p>\n","protected":false},"excerpt":{"rendered":"","protected":false},"author":705,"featured_media":0,"parent":0,"menu_order":0,"comment_status":"closed","ping_status":"closed","template":"","meta":[],"acf":[],"_links":{"self":[{"href":"https:\/\/isfd802-chu.infd.edu.ar\/sitio\/wp-json\/wp\/v2\/pages\/850"}],"collection":[{"href":"https:\/\/isfd802-chu.infd.edu.ar\/sitio\/wp-json\/wp\/v2\/pages"}],"about":[{"href":"https:\/\/isfd802-chu.infd.edu.ar\/sitio\/wp-json\/wp\/v2\/types\/page"}],"author":[{"embeddable":true,"href":"https:\/\/isfd802-chu.infd.edu.ar\/sitio\/wp-json\/wp\/v2\/users\/705"}],"replies":[{"embeddable":true,"href":"https:\/\/isfd802-chu.infd.edu.ar\/sitio\/wp-json\/wp\/v2\/comments?post=850"}],"version-history":[{"count":128,"href":"https:\/\/isfd802-chu.infd.edu.ar\/sitio\/wp-json\/wp\/v2\/pages\/850\/revisions"}],"predecessor-version":[{"id":4644,"href":"https:\/\/isfd802-chu.infd.edu.ar\/sitio\/wp-json\/wp\/v2\/pages\/850\/revisions\/4644"}],"wp:attachment":[{"href":"https:\/\/isfd802-chu.infd.edu.ar\/sitio\/wp-json\/wp\/v2\/media?parent=850"}],"curies":[{"name":"wp","href":"https:\/\/api.w.org\/{rel}","templated":true}]}}