{"id":846,"date":"2018-07-02T18:55:12","date_gmt":"2018-07-02T21:55:12","guid":{"rendered":"https:\/\/isfd802-chu.infd.edu.ar\/sitio\/contacto-2\/"},"modified":"2025-10-13T18:17:31","modified_gmt":"2025-10-13T21:17:31","slug":"contacto-2","status":"publish","type":"page","link":"https:\/\/isfd802-chu.infd.edu.ar\/sitio\/contacto-2\/","title":{"rendered":"Contacto"},"content":{"rendered":"<h3 class=\"Texto_verdana\"><span style=\"text-decoration: underline;\"><span style=\"font-family: verdana,geneva;\">\u00a0<\/span><\/span><\/h3>\n<ul>\n<li><span style=\"font-family: verdana,geneva;\">Domicilio: Hip\u00f3lito Yrigoyen N\u00ba 748 (Comparte espacios de la Esc. Provincial N\u00b0 1)<\/span><\/li>\n<li><span style=\"font-family: verdana,geneva;\">Tel\u00e9fono de Secretar\u00eda: (0297) &#8211; 4468558\u00a0<\/span><\/li>\n<li><span style=\"font-family: verdana,geneva;\">Tel\u00e9fono de Oficina de Estudiantes: (0297) &#8211; 4463943<\/span><\/li>\n<li><span style=\"font-family: verdana,geneva;\">Email: \u00a0<a href=\"mailto:isfd802@chubut.edu.ar\" target=\"_blank\" rel=\"noopener noreferrer\">isfd802@chubut.edu.ar<\/a><\/span><\/li>\n<li><span style=\"font-family: verdana,geneva;\">Horario de atenci\u00f3n (Secretar\u00eda): de 18:00 hs. a 21:00 hs.<\/span><\/li>\n<li>Email Secretar\u00eda: <a href=\"mailto:secretaria.isfd802@gmail.com\">secretaria.isfd802@gmail.com<\/a><\/li>\n<\/ul>\n<h3 class=\"Texto_verdana\">\u00a0<iframe loading=\"lazy\" style=\"border: 0px none;\" src=\"https:\/\/www.google.com\/maps\/embed?pb=!1m18!1m12!1m3!1d2778.2667402651327!2d-67.48467215746534!3d-45.86597270812385!2m3!1f0!2f0!3f0!3m2!1i1024!2i768!4f13.1!3m3!1m2!1s0xbde4545847b5134d%3A0x5d523b7bcdb548ae!2sAv.+Hip%C3%B3lito+Yrigoyen+748%2C+Comodoro+Rivadavia%2C+Chubut!5e0!3m2!1ses-419!2sar!4v1479174626730&amp;wmode=transparent\" width=\"512\" height=\"384\" frameborder=\"0\" allowfullscreen=\"allowfullscreen\"><\/iframe><\/h3>\n<h4 class=\"Texto_verdana\">\u00a0<\/h4>\n\n\n<p class=\"has-text-align-center\"><\/p>\n","protected":false},"excerpt":{"rendered":"<p>\u00a0 Domicilio: Hip\u00f3lito Yrigoyen N\u00ba 748 (Comparte espacios de la Esc. Provincial N\u00b0 1) Tel\u00e9fono de Secretar\u00eda: (0297) &#8211; 4468558\u00a0 Tel\u00e9fono de Oficina de Estudiantes: (0297) &#8211; 4463943 Email: \u00a0isfd802@chubut.edu.ar Horario de atenci\u00f3n (Secretar\u00eda): de 18:00 hs. a 21:00 hs. Email Secretar\u00eda: secretaria.isfd802@gmail.com \u00a0 \u00a0<\/p>\n","protected":false},"author":705,"featured_media":0,"parent":0,"menu_order":0,"comment_status":"closed","ping_status":"closed","template":"","meta":[],"acf":[],"_links":{"self":[{"href":"https:\/\/isfd802-chu.infd.edu.ar\/sitio\/wp-json\/wp\/v2\/pages\/846"}],"collection":[{"href":"https:\/\/isfd802-chu.infd.edu.ar\/sitio\/wp-json\/wp\/v2\/pages"}],"about":[{"href":"https:\/\/isfd802-chu.infd.edu.ar\/sitio\/wp-json\/wp\/v2\/types\/page"}],"author":[{"embeddable":true,"href":"https:\/\/isfd802-chu.infd.edu.ar\/sitio\/wp-json\/wp\/v2\/users\/705"}],"replies":[{"embeddable":true,"href":"https:\/\/isfd802-chu.infd.edu.ar\/sitio\/wp-json\/wp\/v2\/comments?post=846"}],"version-history":[{"count":9,"href":"https:\/\/isfd802-chu.infd.edu.ar\/sitio\/wp-json\/wp\/v2\/pages\/846\/revisions"}],"predecessor-version":[{"id":4302,"href":"https:\/\/isfd802-chu.infd.edu.ar\/sitio\/wp-json\/wp\/v2\/pages\/846\/revisions\/4302"}],"wp:attachment":[{"href":"https:\/\/isfd802-chu.infd.edu.ar\/sitio\/wp-json\/wp\/v2\/media?parent=846"}],"curies":[{"name":"wp","href":"https:\/\/api.w.org\/{rel}","templated":true}]}}