{"id":830,"date":"2018-07-02T18:55:06","date_gmt":"2018-07-02T21:55:06","guid":{"rendered":"https:\/\/isfd802-chu.infd.edu.ar\/sitio\/mayores-de-25-anos\/"},"modified":"2026-03-16T14:58:36","modified_gmt":"2026-03-16T17:58:36","slug":"mayores-de-25","status":"publish","type":"page","link":"https:\/\/isfd802-chu.infd.edu.ar\/sitio\/mayores-de-25\/","title":{"rendered":"Dispositivo Mayores de 25 a\u00f1os"},"content":{"rendered":"<div dir=\"ltr\">\n<h2 style=\"text-align: center;\">\u00a0<\/h2>\n<\/div>\n<div class=\"x11i5rnm xat24cr x1mh8g0r x1vvkbs xdj266r x126k92a\">\n<div dir=\"auto\"><a class=\"x1i10hfl xjbqb8w x6umtig x1b1mbwd xaqea5y xav7gou x9f619 x1ypdohk xt0psk2 xe8uvvx xdj266r x11i5rnm xat24cr x1mh8g0r xexx8yu x4uap5 x18d9i69 xkhd6sd x16tdsg8 x1hl2dhg xggy1nq x1a2a7pz xt0b8zv x1qq9wsj xo1l8bm\" tabindex=\"0\" role=\"link\" href=\"https:\/\/www.facebook.com\/hashtag\/educaci%C3%B3nsuperior?__eep__=6&amp;__cft__[0]=AZWc91tn-5MP6h9bjdB7aNGfN4pn1LptEFn4nSI7tQ6mxX2A1Q6sHJzpvtHNoKo4btWHhFkgOyWvS8mgoR9WKCw3dw9NNDJBFq_s_thBN2Yo9ayBNzfXPHvACYTWodGyiG8&amp;__tn__=*NK-R\">#Educaci\u00f3nSuperior<\/a> | Est\u00e1 abierta la inscripci\u00f3n al Programa +25 <span class=\"x3nfvp2 x1j61x8r x1fcty0u xdj266r xhhsvwb xat24cr xgzva0m xxymvpz xlup9mm x1kky2od\"><img decoding=\"async\" loading=\"lazy\" src=\"https:\/\/static.xx.fbcdn.net\/images\/emoji.php\/v9\/tf8\/2\/16\/203c.png\" alt=\"&#x203c;&#xfe0f;\" width=\"16\" height=\"16\" \/><\/span><span class=\"x3nfvp2 x1j61x8r x1fcty0u xdj266r xhhsvwb xat24cr xgzva0m xxymvpz xlup9mm x1kky2od\"><img decoding=\"async\" loading=\"lazy\" src=\"https:\/\/static.xx.fbcdn.net\/images\/emoji.php\/v9\/t8b\/2\/16\/1f64b_200d_2642.png\" alt=\"&#x1f64b;&#x200d;&#x2642;&#xfe0f;\" width=\"16\" height=\"16\" \/><\/span><span class=\"x3nfvp2 x1j61x8r x1fcty0u xdj266r xhhsvwb xat24cr xgzva0m xxymvpz xlup9mm x1kky2od\"><img decoding=\"async\" loading=\"lazy\" src=\"https:\/\/static.xx.fbcdn.net\/images\/emoji.php\/v9\/t89\/2\/16\/1f64b_200d_2640.png\" alt=\"&#x1f64b;&#x200d;&#x2640;&#xfe0f;\" width=\"16\" height=\"16\" \/><\/span><\/div>\n<\/div>\n<div class=\"x11i5rnm xat24cr x1mh8g0r x1vvkbs xtlvy1s x126k92a\">\n<div dir=\"auto\"><span class=\"x3nfvp2 x1j61x8r x1fcty0u xdj266r xhhsvwb xat24cr xgzva0m xxymvpz xlup9mm x1kky2od\"><img decoding=\"async\" loading=\"lazy\" src=\"https:\/\/static.xx.fbcdn.net\/images\/emoji.php\/v9\/tcf\/2\/16\/1f6ce.png\" alt=\"&#x1f6ce;\" width=\"16\" height=\"16\" \/><\/span> Si quer\u00e9s continuar una carrera en alguno de los Institutos Superiores de <a class=\"x1i10hfl xjbqb8w x6umtig x1b1mbwd xaqea5y xav7gou x9f619 x1ypdohk xt0psk2 xe8uvvx xdj266r x11i5rnm xat24cr x1mh8g0r xexx8yu x4uap5 x18d9i69 xkhd6sd x16tdsg8 x1hl2dhg xggy1nq x1a2a7pz xt0b8zv x1qq9wsj xo1l8bm\" tabindex=\"0\" role=\"link\" href=\"https:\/\/www.facebook.com\/hashtag\/chubut?__eep__=6&amp;__cft__[0]=AZWc91tn-5MP6h9bjdB7aNGfN4pn1LptEFn4nSI7tQ6mxX2A1Q6sHJzpvtHNoKo4btWHhFkgOyWvS8mgoR9WKCw3dw9NNDJBFq_s_thBN2Yo9ayBNzfXPHvACYTWodGyiG8&amp;__tn__=*NK-R\">#Chubut<\/a>, y no ten\u00e9s t\u00edtulo de secundaria, pod\u00e9s participar del dispositivo \u00abMayores 25\u00bb del Ministerio de Educaci\u00f3n.<\/div>\n<\/div>\n<div class=\"x11i5rnm xat24cr x1mh8g0r x1vvkbs xtlvy1s x126k92a\">\n<div dir=\"auto\"><span class=\"x3nfvp2 x1j61x8r x1fcty0u xdj266r xhhsvwb xat24cr xgzva0m xxymvpz xlup9mm x1kky2od\"><img decoding=\"async\" loading=\"lazy\" src=\"https:\/\/static.xx.fbcdn.net\/images\/emoji.php\/v9\/t4b\/2\/16\/1f4cc.png\" alt=\"&#x1f4cc;\" width=\"16\" height=\"16\" \/><\/span>Es importante recordar que el dispositivo +25 no proporciona t\u00edtulo secundario, solo habilita el acceso a una carrera de Nivel Superior.<\/div>\n<\/div>\n<div class=\"x11i5rnm xat24cr x1mh8g0r x1vvkbs xtlvy1s x126k92a\">\n<div dir=\"auto\"><span class=\"x3nfvp2 x1j61x8r x1fcty0u xdj266r xhhsvwb xat24cr xgzva0m xxymvpz xlup9mm x1kky2od\"><img decoding=\"async\" loading=\"lazy\" src=\"https:\/\/static.xx.fbcdn.net\/images\/emoji.php\/v9\/t6b\/2\/16\/1f4dd.png\" alt=\"&#x1f4dd;\" width=\"16\" height=\"16\" \/><\/span>La inscripci\u00f3n esta abierta.<\/div>\n<\/div>\n<div class=\"x11i5rnm xat24cr x1mh8g0r x1vvkbs xtlvy1s x126k92a\">\n<div dir=\"auto\"><span class=\"x3nfvp2 x1j61x8r x1fcty0u xdj266r xhhsvwb xat24cr xgzva0m xxymvpz xlup9mm x1kky2od\"><img decoding=\"async\" loading=\"lazy\" src=\"https:\/\/static.xx.fbcdn.net\/images\/emoji.php\/v9\/t52\/2\/16\/1f517.png\" alt=\"&#x1f517;\" width=\"16\" height=\"16\" \/><\/span>Informaci\u00f3n: <a class=\"x1i10hfl xjbqb8w x6umtig x1b1mbwd xaqea5y xav7gou x9f619 x1ypdohk xt0psk2 xe8uvvx xdj266r x11i5rnm xat24cr x1mh8g0r xexx8yu x4uap5 x18d9i69 xkhd6sd x16tdsg8 x1hl2dhg xggy1nq x1a2a7pz xt0b8zv x1fey0fg\" tabindex=\"0\" role=\"link\" href=\"https:\/\/chubut.edu.ar\/finestudios\/?fbclid=IwAR2Pn-dii1yU5-z9a4CfZOVGo3v8L-UK9J9_0lLSnPKESKOHiVDTtTVsZTw#mayores25\" target=\"_blank\" rel=\"nofollow noopener\">+25 2025<\/a><\/div>\n<\/div>\n<h2><img decoding=\"async\" loading=\"lazy\" class=\"wp-image-4717  aligncenter\" src=\"https:\/\/isfd802-chu.infd.edu.ar\/sitio\/wp-content\/uploads\/2026\/03\/Informacion_PM25_2026-400x1000.jpg\" alt=\"\" width=\"419\" height=\"1048\" srcset=\"https:\/\/isfd802-chu.infd.edu.ar\/sitio\/wp-content\/uploads\/2026\/03\/Informacion_PM25_2026-400x1000.jpg 400w, https:\/\/isfd802-chu.infd.edu.ar\/sitio\/wp-content\/uploads\/2026\/03\/Informacion_PM25_2026-760x1900.jpg 760w, https:\/\/isfd802-chu.infd.edu.ar\/sitio\/wp-content\/uploads\/2026\/03\/Informacion_PM25_2026-768x1920.jpg 768w, https:\/\/isfd802-chu.infd.edu.ar\/sitio\/wp-content\/uploads\/2026\/03\/Informacion_PM25_2026-614x1536.jpg 614w, https:\/\/isfd802-chu.infd.edu.ar\/sitio\/wp-content\/uploads\/2026\/03\/Informacion_PM25_2026.jpg 800w\" sizes=\"(max-width: 419px) 100vw, 419px\" \/><\/h2>\n<p style=\"text-align: justify;\">El Dispositivo Mayores de 25\u00a0 se brinda a\u00a0 aquellas personas que no han terminado la Educaci\u00f3n Secundaria y desean empezar a estudiar en una carrera Terciaria. Es decir, una vez que usted aprueba la evaluaci\u00f3n integradora de los talleres puede anotarse a cursar en cualquier Instituto Provincial, p\u00fablico o privado (IDES, ATSA, por ejemplo). Tambi\u00e9n, contamos con un convenio realizado con la Universidad de Chubut, eso quiere decir que, si usted aprueba la evaluaci\u00f3n integradora, podr\u00e1 acceder a cursar en dicho lugar.<\/p>\n<h4 style=\"text-align: justify;\"><span style=\"color: #ff0000;\"><b>Este Dispositivo NO otorga t\u00edtulo de secundario, solo la posibilidad de continuar los estudios en una carrera terciaria.<\/b><\/span><\/h4>\n<div>\n<p><strong>Preinscripci\u00f3n en l\u00ednea para el DISPOSITIVO MAYORES DE 25.<\/strong><\/p>\n<ul>\n<li>Disponible para la\u00a0<strong>1\u00b0 cohorte<\/strong>\u00a0desde el\u00a0<strong>16\/03 al 27\/03.<\/strong><\/li>\n<li><strong>Recepci\u00f3n de documentaci\u00f3n<\/strong>\u00a0desde el\u00a0<strong>27\/03 al 01\/04.<\/strong><\/li>\n<li><strong>Inicio de la cursada:\u00a006\/04<\/strong><\/li>\n<li><strong>Finalizaci\u00f3n de cursada: 03\/08<\/strong><\/li>\n<\/ul>\n<p><strong>REQUISITOS<\/strong><\/p>\n<ul>\n<li>Fotocopia de DNI<\/li>\n<li>Constancia de estudios primarios completos.<\/li>\n<li>Ficha de inscripci\u00f3n emitida por la plataforma DINO<\/li>\n<li>Partida de nacimiento.<\/li>\n<li>Residir en CHUBUT.<\/li>\n<\/ul>\n<p><em>Se deja expresamente establecido que, en caso de no cumplir con la documentaci\u00f3n requerida. el\/la aspirante no podr\u00e1 incorporarse ni formar parte de la matr\u00edcula del dispositivo.\u00a0<\/em><\/p>\n<div>\u00a0<\/div>\n<\/div>\n<div>\u00a0<\/div>\n<div>\u00a0<\/div>\n<div>\u00a0<\/div>\n\n\n<p><\/p>\n","protected":false},"excerpt":{"rendered":"<p>\u00a0 #Educaci\u00f3nSuperior | Est\u00e1 abierta la inscripci\u00f3n al Programa +25 Si quer\u00e9s continuar una carrera en alguno de los Institutos Superiores de #Chubut, y no ten\u00e9s t\u00edtulo de secundaria, pod\u00e9s participar del dispositivo \u00abMayores 25\u00bb del Ministerio de Educaci\u00f3n. Es importante recordar que el dispositivo +25 no proporciona t\u00edtulo secundario, solo habilita el acceso a &#8230; <a title=\"Dispositivo Mayores de 25 a\u00f1os\" class=\"read-more\" href=\"https:\/\/isfd802-chu.infd.edu.ar\/sitio\/mayores-de-25\/\" aria-label=\"More on Dispositivo Mayores de 25 a\u00f1os\">[+]<\/a><\/p>\n","protected":false},"author":3078,"featured_media":0,"parent":0,"menu_order":0,"comment_status":"closed","ping_status":"closed","template":"","meta":[],"acf":[],"_links":{"self":[{"href":"https:\/\/isfd802-chu.infd.edu.ar\/sitio\/wp-json\/wp\/v2\/pages\/830"}],"collection":[{"href":"https:\/\/isfd802-chu.infd.edu.ar\/sitio\/wp-json\/wp\/v2\/pages"}],"about":[{"href":"https:\/\/isfd802-chu.infd.edu.ar\/sitio\/wp-json\/wp\/v2\/types\/page"}],"author":[{"embeddable":true,"href":"https:\/\/isfd802-chu.infd.edu.ar\/sitio\/wp-json\/wp\/v2\/users\/3078"}],"replies":[{"embeddable":true,"href":"https:\/\/isfd802-chu.infd.edu.ar\/sitio\/wp-json\/wp\/v2\/comments?post=830"}],"version-history":[{"count":23,"href":"https:\/\/isfd802-chu.infd.edu.ar\/sitio\/wp-json\/wp\/v2\/pages\/830\/revisions"}],"predecessor-version":[{"id":4720,"href":"https:\/\/isfd802-chu.infd.edu.ar\/sitio\/wp-json\/wp\/v2\/pages\/830\/revisions\/4720"}],"wp:attachment":[{"href":"https:\/\/isfd802-chu.infd.edu.ar\/sitio\/wp-json\/wp\/v2\/media?parent=830"}],"curies":[{"name":"wp","href":"https:\/\/api.w.org\/{rel}","templated":true}]}}