{"id":822,"date":"2018-07-02T18:55:03","date_gmt":"2018-07-02T21:55:03","guid":{"rendered":"https:\/\/isfd802-chu.infd.edu.ar\/sitio\/tecnicatura-superior-en-bibliotecologia\/"},"modified":"2022-03-15T20:50:35","modified_gmt":"2022-03-15T23:50:35","slug":"tecnicatura-superior-en-bibliotecologia","status":"publish","type":"page","link":"https:\/\/isfd802-chu.infd.edu.ar\/sitio\/tecnicatura-superior-en-bibliotecologia\/","title":{"rendered":"Tecnicatura Superior en Bibliotecologia"},"content":{"rendered":"<p><strong>T\u00edtulo a otorgar:<\/strong> T\u00e9cnico\/a Superior en Bibliotecolog\u00eda<br \/>\n<strong>Modalidad:<\/strong> Semipresencial<br \/>\n<strong>Duraci\u00f3n:<\/strong> 3 (tres) a\u00f1os<\/p>\n<p><strong>\u00c1rea ocupacional<\/strong><br \/>\nEl t\u00e9cnico superior en bibliotecolog\u00eda estar\u00e1 capacitado para desempe\u00f1arse en diferentes Unidades de Informaci\u00f3n: Bibliotecas acad\u00e9micas o universitarias, Bibliotecas escolares, Bibliotecas p\u00fablicas y populares, Bibliotecas especializadas, Bibliotecas infantiles, Bibliotecas privadas \/particulares, Centros de documentaci\u00f3n, Centros de informaci\u00f3n empresarial, Colecciones especiales, Instituciones culturales, Bases de datos nacionales e internacionales.<br \/>\nRealizando actividades relacionadas con:<\/p>\n<ul>\n<li>Dise\u00f1o, gesti\u00f3n y operaci\u00f3n de Unidades, Redes y Sistemas de informaci\u00f3n<\/li>\n<li>Selecci\u00f3n, tratamiento, b\u00fasqueda y difusi\u00f3n de la informaci\u00f3n<\/li>\n<li>Dise\u00f1o de productos y servicios de informaci\u00f3n.<\/li>\n<li>Mercadeo de servicios de informaci\u00f3n<\/li>\n<li>Formaci\u00f3n de usuarios<\/li>\n<li>Aplicaci\u00f3n de tecnolog\u00edas de la informaci\u00f3n<\/li>\n<li>Desarrollo de bases de datos<\/li>\n<li>Administraci\u00f3n e integraci\u00f3n de redes y sistemas de informaci\u00f3n<\/li>\n<li>Gesti\u00f3n de procesos sociales, cient\u00edficos y culturales<\/li>\n<li>Promoci\u00f3n de la lectura , del libro y las Unidades de Informaci\u00f3n<\/li>\n<li>Investigaci\u00f3n y docencia<\/li>\n<li>Desarrollo, medici\u00f3n y evaluaci\u00f3n de colecciones<\/li>\n<li>An\u00e1lisis e interpretaci\u00f3n de datos .<\/li>\n<\/ul>\n<p><strong>Perfil Profesional<\/strong><br \/>\nEl egresado de esta carrera:<\/p>\n<ul>\n<li>dise\u00f1ar\u00e1, administrar\u00e1 y evaluar\u00e1 los m\u00e1s diversos servicios de informaci\u00f3n.<\/li>\n<li>preservar\u00e1 y coleccionar\u00e1 la informaci\u00f3n en todo tipo de soporte, para organizarla y volverla accesible a la utilizaci\u00f3n de cualquier tipo de usuario que la requiera.<\/li>\n<li>conocer\u00e1 la organizaci\u00f3n de la informaci\u00f3n, y las tecnolog\u00edas para su manejo, a fin de optimizar el acceso y la utilizaci\u00f3n misma.<\/li>\n<\/ul>\n<p>Al finalizar la Tecnicatura, el T\u00e9cnico Superior en Bibliotecolog\u00eda graduado ha de contar con un cuerpo de conocimientos, habilidades, valores y actitudes que le permitan el desarrollo de las siguientes competencias:<\/p>\n<p>En el campo de Formaci\u00f3n Espec\u00edfica<\/p>\n<ul>\n<li>Identificar, adquirir, organizar y gestionar la recuperaci\u00f3n y difusi\u00f3n de la informaci\u00f3n contenida en diversos soportes (impresos, electr\u00f3nicos, digitales, manuscritos) para los usuarios de una Unidad de informaci\u00f3n.<\/li>\n<li>Dise\u00f1ar programas que formen e informen a diversas comunidades de usuarios. Organizar y administrar servicios y sistemas de informaci\u00f3n en bibliotecas y centros de documentaci\u00f3n.<\/li>\n<li>Desarrollar habilidades para la autentificaci\u00f3n, el uso, el dise\u00f1o y la evaluaci\u00f3n de fuentes y recursos de informaci\u00f3n.<\/li>\n<li>Organizar y planificar el trabajo propio basado en los principios y t\u00e9cnicas bibliotecol\u00f3gicas.<\/li>\n<li>Actualizar en forma permanente sus conocimientos, que le permitan desarrollar capacidades para adaptarse a cambios del contexto social, emprender mejoras y proponer innovaciones<\/li>\n<li>Construir productos de informaci\u00f3n especializados para el uso interno y externo de la organizaci\u00f3n o para los usuarios.<\/li>\n<\/ul>\n<p>En el campo de Formaci\u00f3n General<\/p>\n<ul>\n<li>Desarrollar planes de extensi\u00f3n cultural, de promoci\u00f3n y animaci\u00f3n a la lectura, y el uso de las Unidades de informaci\u00f3n y sus recursos.<\/li>\n<li>Realizar investigaci\u00f3n para solucionar problemas de pr\u00e1ctica profesional y asesor\u00edas en temas del campo disciplinario.<\/li>\n<li>Asumirse como un profesional comprometido con las transformaciones del campo profesional y del contexto socio-hist\u00f3rico.<\/li>\n<li>Evaluar la realidad nacional e internacional en materia de pol\u00edticas y servicios de informaci\u00f3n y de las industrias de la cultura.<\/li>\n<\/ul>\n<p>En el campo de la Formaci\u00f3n de Fundamento<\/p>\n<ul>\n<li>Desarrollar habilidades en el manejo de las tecnolog\u00edas como medio indispensable en los procesos de tratamiento y transferencia de la informaci\u00f3n.<\/li>\n<li>Poseer buen conocimiento de una lengua extranjera ( con preferencia el ingl\u00e9s)<\/li>\n<li>Poseer conocimientos, aptitudes ling\u00fc\u00edsticas y la capacidad de comunicarse de modo claro y coherente, tanto por escrito como oralmente.<\/li>\n<\/ul>\n<p>En el campo de Formaci\u00f3n de la Pr\u00e1ctica Profesionalizante<\/p>\n<ul>\n<li>Ejercer la profesi\u00f3n consciente de su dimensi\u00f3n \u00e9tica, y con el prop\u00f3sito de sostener valores democr\u00e1ticos de solidaridad, justicia e igualdad.<\/li>\n<li>Trascender los l\u00edmites de sus funciones, constituy\u00e9ndose en un agente de cambio social, asumiendo posturas cr\u00edticas frente a los problemas existentes en su \u00e1rea de actuaci\u00f3n.<\/li>\n<li>Utilizar y aplicar las t\u00e9cnicas, las normativas y otros instrumentos utilizados en la reuni\u00f3n, selecci\u00f3n, organizaci\u00f3n, representaci\u00f3n, preservaci\u00f3n, recuperaci\u00f3n, acceso, difusi\u00f3n e intercambio de la informaci\u00f3n.<\/li>\n<li>Poseer capacidad de direcci\u00f3n, liderazgo y una fuerte actitud proactiva (detectar necesidades, dinamismo, anticiparse a la demanda, abierto al cambio, iniciativa)<\/li>\n<li>Desarrollar metodolog\u00edas que estimulen el trabajo en equipo, la cooperaci\u00f3n y la interconexi\u00f3n de los sistemas y servicios de informaci\u00f3n.<\/li>\n<\/ul>\n<p>Dise\u00f1o curricular (Res. 85\/15) <a href=\"https:\/\/isfd802-chu.infd.edu.ar\/sitio\/wp-content\/uploads\/2022\/03\/DC_Bibliotecologia_res_85_15_1.pdf\" target=\"_blank\" rel=\"noopener\">&lt;&lt;Descarga&gt;&gt;<\/a><\/p>\n","protected":false},"excerpt":{"rendered":"<p>T\u00edtulo a otorgar: T\u00e9cnico\/a Superior en Bibliotecolog\u00eda Modalidad: Semipresencial Duraci\u00f3n: 3 (tres) a\u00f1os \u00c1rea ocupacional El t\u00e9cnico superior en bibliotecolog\u00eda estar\u00e1 capacitado para desempe\u00f1arse en diferentes Unidades de Informaci\u00f3n: Bibliotecas acad\u00e9micas o universitarias, Bibliotecas escolares, Bibliotecas p\u00fablicas y populares, Bibliotecas especializadas, Bibliotecas infantiles, Bibliotecas privadas \/particulares, Centros de documentaci\u00f3n, Centros de informaci\u00f3n empresarial, Colecciones especiales, &#8230; <a title=\"Tecnicatura Superior en Bibliotecologia\" class=\"read-more\" href=\"https:\/\/isfd802-chu.infd.edu.ar\/sitio\/tecnicatura-superior-en-bibliotecologia\/\" aria-label=\"More on Tecnicatura Superior en Bibliotecologia\">[+]<\/a><\/p>\n","protected":false},"author":3078,"featured_media":0,"parent":0,"menu_order":0,"comment_status":"closed","ping_status":"closed","template":"","meta":[],"acf":[],"_links":{"self":[{"href":"https:\/\/isfd802-chu.infd.edu.ar\/sitio\/wp-json\/wp\/v2\/pages\/822"}],"collection":[{"href":"https:\/\/isfd802-chu.infd.edu.ar\/sitio\/wp-json\/wp\/v2\/pages"}],"about":[{"href":"https:\/\/isfd802-chu.infd.edu.ar\/sitio\/wp-json\/wp\/v2\/types\/page"}],"author":[{"embeddable":true,"href":"https:\/\/isfd802-chu.infd.edu.ar\/sitio\/wp-json\/wp\/v2\/users\/3078"}],"replies":[{"embeddable":true,"href":"https:\/\/isfd802-chu.infd.edu.ar\/sitio\/wp-json\/wp\/v2\/comments?post=822"}],"version-history":[{"count":2,"href":"https:\/\/isfd802-chu.infd.edu.ar\/sitio\/wp-json\/wp\/v2\/pages\/822\/revisions"}],"predecessor-version":[{"id":2750,"href":"https:\/\/isfd802-chu.infd.edu.ar\/sitio\/wp-json\/wp\/v2\/pages\/822\/revisions\/2750"}],"wp:attachment":[{"href":"https:\/\/isfd802-chu.infd.edu.ar\/sitio\/wp-json\/wp\/v2\/media?parent=822"}],"curies":[{"name":"wp","href":"https:\/\/api.w.org\/{rel}","templated":true}]}}