{"id":4689,"date":"2026-03-05T22:32:19","date_gmt":"2026-03-06T01:32:19","guid":{"rendered":"https:\/\/isfd802-chu.infd.edu.ar\/sitio\/?page_id=4689"},"modified":"2026-03-05T22:32:45","modified_gmt":"2026-03-06T01:32:45","slug":"tercer-llamado","status":"publish","type":"page","link":"https:\/\/isfd802-chu.infd.edu.ar\/sitio\/tercer-llamado\/","title":{"rendered":"Tercer Llamado"},"content":{"rendered":"\n<!-- CONFIGURACI\u00d3N DE ESTILOS E \u00cdCONOS PARA WORDPRESS -->\n<script src=\"https:\/\/cdn.tailwindcss.com\"><\/script>\n<script>\n  \/\/ Evitamos que Tailwind sobreescriba los estilos base de tu WordPress\n  tailwind.config = {\n    corePlugins: {\n      preflight: false,\n    }\n  }\n<\/script>\n<link rel=\"stylesheet\" href=\"https:\/\/cdnjs.cloudflare.com\/ajax\/libs\/font-awesome\/6.4.0\/css\/all.min.css\">\n\n<style>\n  \/* Estilos personalizados para el acorde\u00f3n *\/\n  .accordion-content {\n    max-height: 0;\n    overflow: hidden;\n    transition: max-height 0.4s ease-in-out, opacity 0.4s ease-in-out;\n    opacity: 0;\n  }\n  .accordion-content.open {\n    max-height: 2500px; \/* Aumentado por la cantidad de texto en EDI 2 *\/\n    opacity: 1;\n  }\n<\/style>\n\n<!-- CONTENEDOR PRINCIPAL -->\n<div class=\"bg-slate-50 font-sans text-slate-800 pb-12\" style=\"margin: 0; padding: 0;\">\n  \n  <!-- HEADER HERO SECTION -->\n  <header class=\"bg-orange-500 text-white pt-16 pb-20 px-4 sm:px-6 lg:px-8 relative overflow-hidden\">\n    <div class=\"absolute top-0 left-0 w-full h-2 bg-slate-800\"><\/div>\n    <div class=\"max-w-5xl mx-auto relative z-10\">\n      <div class=\"flex flex-col md:flex-row md:items-center justify-between mb-8 gap-4\">\n        <div>\n          <p class=\"text-orange-100 font-medium tracking-wider text-sm uppercase mb-1\" style=\"margin-bottom: 4px;\">Circular N\u00b0 004 \/2026<\/p>\n          <h2 class=\"text-xl md:text-2xl font-bold\" style=\"margin: 0; color: white;\">ISFD N\u00b0 802 \u00abEdith Litwin\u00bb<\/h2>\n        <\/div>\n        <div class=\"bg-orange-600\/50 rounded-full px-4 py-2 border border-orange-400 flex items-center text-sm w-fit\">\n          <i class=\"fa-solid fa-location-dot w-4 h-4 mr-2 text-white\"><\/i>\n          Comodoro Rivadavia\n        <\/div>\n      <\/div>\n      \n      <h1 class=\"text-4xl md:text-5xl lg:text-6xl font-extrabold tracking-tight mb-6 leading-tight\" style=\"color: white; margin-bottom: 24px;\">\n        Convocatoria Docente <span class=\"text-slate-900\">2026<\/span>\n      <\/h1>\n      <p class=\"text-lg md:text-xl text-orange-50 max-w-3xl leading-relaxed\" style=\"margin: 0;\">\n        Tercer Llamado a Cobertura de Unidades Curriculares Ciclo Lectivo 2026. La Direcci\u00f3n convoca a la presentaci\u00f3n de propuestas pedag\u00f3gicas y Curriculum Vitae.\n      <\/p>\n    <\/div>\n  <\/header>\n\n  <!-- MAIN CONTENT -->\n  <main class=\"max-w-5xl mx-auto px-4 sm:px-6 lg:px-8 -mt-10 relative z-20\">\n    \n    <!-- INFO HIGHLIGHT CARD -->\n    <div class=\"bg-white rounded-xl shadow-lg border border-slate-100 p-6 md:p-8 mb-12 flex flex-col md:flex-row gap-8 justify-between items-center\">\n      <div class=\"flex items-start gap-4\">\n        <div class=\"bg-orange-100 p-3 rounded-lg text-orange-600 mt-1\">\n          <i class=\"fa-regular fa-clock text-xl\"><\/i>\n        <\/div>\n        <div>\n          <h3 class=\"text-lg font-bold text-slate-900 mb-1\" style=\"margin: 0 0 4px 0;\">Plazo de Presentaci\u00f3n<\/h3>\n          <p class=\"text-slate-600\" style=\"margin: 0;\">Hasta el <strong class=\"text-slate-800\">10 de marzo de 2026<\/strong> a las <strong class=\"text-slate-800\">21:30 hs.<\/strong><\/p>\n        <\/div>\n      <\/div>\n      <div class=\"hidden md:block w-px h-16 bg-slate-200\"><\/div>\n      <div class=\"flex items-start gap-4\">\n        <div class=\"bg-slate-100 p-3 rounded-lg text-slate-700 mt-1\">\n          <i class=\"fa-regular fa-file-lines text-xl\"><\/i>\n        <\/div>\n        <div>\n          <h3 class=\"text-lg font-bold text-slate-900 mb-1\" style=\"margin: 0 0 4px 0;\">Modalidad<\/h3>\n          <p class=\"text-slate-600\" style=\"margin: 0;\">Presentaci\u00f3n en formato <strong class=\"text-slate-800\">Papel y Digital<\/strong><\/p>\n        <\/div>\n      <\/div>\n    <\/div>\n\n    <!-- UNIDADES CURRICULARES -->\n    <div class=\"mb-16\">\n      <div class=\"flex items-center gap-3 mb-8\">\n        <i class=\"fa-solid fa-book-open text-3xl text-orange-500\"><\/i>\n        <h2 class=\"text-3xl font-bold text-slate-900\" style=\"margin: 0;\">Unidades Curriculares a Cubrir<\/h2>\n      <\/div>\n\n      <div class=\"space-y-8\">\n        \n        <!-- CARRERA 1 -->\n        <div class=\"bg-white rounded-xl shadow-md border-l-4 border-orange-500 overflow-hidden\" style=\"margin-bottom: 2rem;\">\n          <div class=\"p-6 bg-slate-50 border-b border-gray-100\">\n            <span class=\"text-xs font-bold tracking-wider text-slate-500 uppercase mb-2 block\">Res. 595\/17 &#8211; TERCER A\u00d1O<\/span>\n            <h3 class=\"text-xl md:text-2xl font-bold text-slate-800\" style=\"margin: 0;\">Profesorado de Educaci\u00f3n Especial con orientaci\u00f3n Discapacidad Intelectual<\/h3>\n          <\/div>\n          <div class=\"divide-y divide-gray-100\">\n            \n            <!-- Materia 1.1 -->\n            <div class=\"border-b border-gray-200\">\n              <button class=\"w-full py-4 px-6 flex justify-between items-center bg-white hover:bg-gray-50 transition-colors duration-200 focus:outline-none\" onclick=\"toggleAccordion('acc-1-1')\">\n                <span class=\"text-left font-semibold text-slate-800\">Problem\u00e1ticas del Desarrollo<\/span>\n                <i id=\"icon-acc-1-1\" class=\"fa-solid fa-chevron-down text-gray-400\"><\/i>\n              <\/button>\n              <div id=\"acc-1-1\" class=\"accordion-content\">\n                <div class=\"p-6 bg-slate-50 border-t border-gray-100 text-sm text-gray-700 space-y-4\">\n                  <div class=\"inline-block bg-orange-50 text-orange-700 px-3 py-1 rounded-full text-xs font-semibold border border-orange-100 mb-4\">Anual (4 HC m\u00e1s 1 HC de coordinaci\u00f3n &#8211; Interinas) | Formato: Seminario<\/div>\n                  <div>\n                    <h4 class=\"font-semibold text-slate-900 mb-2 flex items-center gap-2\"><i class=\"fa-solid fa-user-check text-slate-500\"><\/i> Perfil Docente:<\/h4>\n                    <p class=\"text-slate-600 mb-4\">Se debe conformar una pareja pedag\u00f3gica, con un\/a profesor\/a de Educaci\u00f3n Especial; y un\/a profesional con formaci\u00f3n espec\u00edfica en Psicolog\u00eda, Psicopedagog\u00eda y\/o en Ciencias de la Educaci\u00f3n, con orientaci\u00f3n y experiencia en el \u00e1rea de la psicolog\u00eda.<\/p>\n                  <\/div>\n                  <div class=\"pt-2 border-t border-slate-200\">\n                    <span class=\"font-semibold text-slate-900\">Disponibilidad horaria: <\/span><span class=\"text-slate-600\">mi\u00e9rcoles de 20 a 22:10 hs.<\/span>\n                  <\/div>\n                <\/div>\n              <\/div>\n            <\/div>\n\n          <\/div>\n        <\/div>\n\n        <!-- CARRERA 2 -->\n        <div class=\"bg-white rounded-xl shadow-md border-l-4 border-slate-800 overflow-hidden\">\n          <div class=\"p-6 bg-slate-50 border-b border-gray-100\">\n            <span class=\"text-xs font-bold tracking-wider text-slate-500 uppercase mb-2 block\">Res. 83\/15 &#8211; SEGUNDO A\u00d1O<\/span>\n            <h3 class=\"text-xl md:text-2xl font-bold text-slate-800\" style=\"margin: 0;\">Tecnicatura Superior en Administraci\u00f3n P\u00fablica Orientada al Desarrollo Local<\/h3>\n          <\/div>\n          <div class=\"divide-y divide-gray-100\">\n            \n            <!-- Materia 2.1 -->\n            <div class=\"border-b border-gray-200\">\n              <button class=\"w-full py-4 px-6 flex justify-between items-center bg-white hover:bg-gray-50 transition-colors duration-200 focus:outline-none\" onclick=\"toggleAccordion('acc-2-1')\">\n                <span class=\"text-left font-semibold text-slate-800\">EDI 2: Innovaci\u00f3n y Calidad de Procesos en la Gesti\u00f3n P\u00fablica<\/span>\n                <i id=\"icon-acc-2-1\" class=\"fa-solid fa-chevron-down text-gray-400\"><\/i>\n              <\/button>\n              <div id=\"acc-2-1\" class=\"accordion-content\">\n                <div class=\"p-6 bg-slate-50 border-t border-gray-100 text-sm text-gray-700 space-y-4\">\n                  <div class=\"inline-block bg-orange-50 text-orange-700 px-3 py-1 rounded-full text-xs font-semibold border border-orange-100 mb-4\">Anual (4 HC semanales) | Modalidad: Presencial (1 docente)<\/div>\n                  \n                  <div class=\"text-slate-600 mb-4 space-y-2\">\n                    <p>El Espacio de Definici\u00f3n Institucional 2 (EDI 2) se concibe como un espacio de profesionalizaci\u00f3n propio del segundo a\u00f1o y del Campo de la Formaci\u00f3n Espec\u00edfica. Se propone un formato taller, de formaci\u00f3n espec\u00edfica, orientado a fortalecer capacidades profesionales propias del desempe\u00f1o en gesti\u00f3n p\u00fablica local. En continuidad con el Dise\u00f1o Curricular (DC) de la TSAPDL, este espacio profundiza competencias vinculadas a la modernizaci\u00f3n administrativa, la orientaci\u00f3n a la ciudadan\u00eda, la mejora de procesos y la gesti\u00f3n por resultados, mediante actividades aplicadas en contexto.<\/p>\n                    <p>El EDI 2 estar\u00e1 orientado a la producci\u00f3n de evidencias y productos t\u00e9cnicos verificables (diagn\u00f3stico, redise\u00f1o, indicadores y plan de implementaci\u00f3n).<\/p>\n                    <p>Las producciones desarrolladas en el EDI 2, ser\u00e1n insumos en la formaci\u00f3n progresiva del tercer a\u00f1o, en instancias de intervenci\u00f3n, an\u00e1lisis organizacional y profundizaci\u00f3n de herramientas de gesti\u00f3n p\u00fablica.<\/p>\n                    <p>As\u00ed mismo debe articular con las Unidades Curriculares de 2.\u00ba a\u00f1o, especialmente Pr\u00e1ctica Profesional II, Pol\u00edticas P\u00fablicas, Planeamiento Estrat\u00e9gico y Desarrollo Local, Derecho Administrativo, Contabilidad B\u00e1sica.<\/p>\n                  <\/div>\n\n                  <div class=\"mb-4\">\n                    <h4 class=\"font-semibold text-slate-900 mb-2\">Prop\u00f3sitos:<\/h4>\n                    <ul class=\"list-disc pl-6 space-y-1 text-slate-600\">\n                      <li>Profesionalizar a los estudiantes en el an\u00e1lisis y redise\u00f1o de procesos, tr\u00e1mites y servicios de la administraci\u00f3n p\u00fablica local.<\/li>\n                      <li>Aplicar herramientas de mejora continua, simplificaci\u00f3n administrativa, calidad del servicio e indicadores en contextos institucionales.<\/li>\n                      <li>Promover capacidades para planificar la implementaci\u00f3n de mejoras, incorporando criterios de legalidad, factibilidad, transparencia y participaci\u00f3n.<\/li>\n                    <\/ul>\n                  <\/div>\n\n                  <div class=\"mb-6\">\n                    <h4 class=\"font-semibold text-slate-900 mb-2\">Contenidos m\u00ednimos:<\/h4>\n                    <ul class=\"list-disc pl-6 space-y-1 text-slate-600\">\n                      <li>-Conceptos de proceso, procedimiento, tr\u00e1mite y servicio en la administraci\u00f3n p\u00fablica.<\/li>\n                      <li>-Calidad en servicios p\u00fablicos: est\u00e1ndares, accesibilidad, tiempos, claridad, trato, canales, experiencia ciudadana.<\/li>\n                      <li>-Innovaci\u00f3n en gesti\u00f3n p\u00fablica local: mejora incremental, simplificaci\u00f3n administrativa, redise\u00f1o, cambios de canal y mejoras organizacionales.<\/li>\n                      <li>-Diagn\u00f3stico del servicio y experiencia ciudadana. Identificaci\u00f3n de demanda, servicio, actores, accesibilidad, puntos de contacto, brechas de atenci\u00f3n y calidad. Revisi\u00f3n normativa.<\/li>\n                      <li>-An\u00e1lisis de procesos y procedimiento, roles, tiempos, cuellos de botella, riesgos.<\/li>\n                      <li>-Simplificaci\u00f3n administrativa, ventanilla \u00fanica (criterios), reducci\u00f3n de pasos, mejora inter\u00e1reas, gesti\u00f3n documental. Prototipos de mejora: formularios, instructivos, flujos, gu\u00edas de tr\u00e1mite o protocolos de atenci\u00f3n.<\/li>\n                      <li>-Indicadores de proceso, producto, resultado, l\u00ednea de base, metas, tablero simple, seguimiento.<\/li>\n                      <li>-Transparencia, rendici\u00f3n de cuentas y participaci\u00f3n aplicada. Transparencia activa, comunicaci\u00f3n p\u00fablica del servicio, mecanismos de recepci\u00f3n de aportes, mejora con ciudadan\u00eda.<\/li>\n                      <li>-Implementaci\u00f3n y gesti\u00f3n del cambio. Plan por etapas, responsables, recursos m\u00ednimos, riesgos, capacitaci\u00f3n, acuerdos inter\u00e1reas, sostenibilidad.<\/li>\n                    <\/ul>\n                  <\/div>\n\n                  <div>\n                    <h4 class=\"font-semibold text-slate-900 mb-2 flex items-center gap-2\"><i class=\"fa-solid fa-user-check text-slate-500\"><\/i> Perfil Docente:<\/h4>\n                    <ul class=\"list-disc pl-6 space-y-1 text-slate-600 mb-4\">\n                      <li>Licenciatura en Administraci\u00f3n \/ Administraci\u00f3n P\u00fablica.<\/li>\n                      <li>Licenciatura en Ciencia Pol\u00edtica \/ Pol\u00edticas P\u00fablicas.<\/li>\n                      <li>Contador\/a P\u00fablico\/a o Licenciatura en Econom\u00eda (con orientaci\u00f3n o experiencia en sector p\u00fablico).<\/li>\n                      <li>T\u00e9cnico en Administraci\u00f3n P\u00fablica<\/li>\n                      <li>Profesional con t\u00edtulo habilitante preferentemente con experiencia en administraci\u00f3n p\u00fablica.<\/li>\n                    <\/ul>\n                    \n                    <div class=\"bg-amber-50 border border-amber-200 text-amber-800 px-4 py-3 rounded-md text-sm mb-4\">\n                      <strong>Se valora:<\/strong> la experiencia profesional: desempe\u00f1o en gobiernos locales u organismos p\u00fablicos. Participaci\u00f3n en proyectos de modernizaci\u00f3n, simplificaci\u00f3n administrativa, mejora de tr\u00e1mites\/servicios, calidad o gesti\u00f3n por resultados.\n                    <\/div>\n                  <\/div>\n\n                  <div class=\"pt-2 border-t border-slate-200\">\n                    <span class=\"font-semibold text-slate-900\">Disponibilidad horaria: <\/span><span class=\"text-slate-600\">s\u00e1bados.<\/span>\n                  <\/div>\n                <\/div>\n              <\/div>\n            <\/div>\n\n          <\/div>\n        <\/div>\n\n      <\/div>\n    <\/div>\n\n    <!-- REQUISITOS DE PRESENTACI\u00d3N Y BOTONES -->\n    <div class=\"grid md:grid-cols-2 gap-8 mb-16\" style=\"display: grid; gap: 2rem;\">\n      <!-- Formato del Proyecto -->\n      <div class=\"bg-white rounded-xl shadow-sm border border-slate-200 p-8\">\n        <h3 class=\"text-xl font-bold text-slate-900 mb-6 flex items-center gap-2\" style=\"margin-top: 0;\">\n          <i class=\"fa-regular fa-file-lines text-orange-500\"><\/i> Formato de la Propuesta\n        <\/h3>\n        <p class=\"text-sm text-slate-500 mb-4 italic\">La propuesta de trabajo no deber\u00e1 exceder las 20 (veinte) p\u00e1ginas (incluyendo referencias bibliogr\u00e1ficas).<\/p>\n        <ul class=\"space-y-3\" style=\"list-style: none; padding: 0;\">\n          <li class=\"flex items-start gap-3 mb-2\"><i class=\"fa-solid fa-circle-check text-emerald-500 mt-1\"><\/i> <span class=\"text-slate-700 text-sm\">Fundamentaci\u00f3n.<\/span><\/li>\n          <li class=\"flex items-start gap-3 mb-2\"><i class=\"fa-solid fa-circle-check text-emerald-500 mt-1\"><\/i> <span class=\"text-slate-700 text-sm\">Marco te\u00f3rico.<\/span><\/li>\n          <li class=\"flex items-start gap-3 mb-2\"><i class=\"fa-solid fa-circle-check text-emerald-500 mt-1\"><\/i> <span class=\"text-slate-700 text-sm\">Prop\u00f3sitos y objetivos.<\/span><\/li>\n          <li class=\"flex items-start gap-3 mb-2\"><i class=\"fa-solid fa-circle-check text-emerald-500 mt-1\"><\/i> <span class=\"text-slate-700 text-sm\">Organizaci\u00f3n de los contenidos.<\/span><\/li>\n          <li class=\"flex items-start gap-3 mb-2\"><i class=\"fa-solid fa-circle-check text-emerald-500 mt-1\"><\/i> <span class=\"text-slate-700 text-sm\">Metodolog\u00eda: incluir la modalidad h\u00edbrida\/combinada a partir de la implementaci\u00f3n de aulas virtuales.<\/span><\/li>\n          <li class=\"flex items-start gap-3 mb-2\"><i class=\"fa-solid fa-circle-check text-emerald-500 mt-1\"><\/i> <span class=\"text-slate-700 text-sm\">Evaluaci\u00f3n y acreditaci\u00f3n: criterios, instrumentos de evaluaci\u00f3n, cronograma de parciales y recuperatorios. Tener en cuenta la normativa vigente.<\/span><\/li>\n          <li class=\"flex items-start gap-3 mb-2\"><i class=\"fa-solid fa-circle-check text-emerald-500 mt-1\"><\/i> <span class=\"text-slate-700 text-sm\">Bibliograf\u00eda del docente y Bibliograf\u00eda del estudiante.<\/span><\/li>\n        <\/ul>\n      <\/div>\n\n      <!-- Pasos y Enlaces -->\n      <div class=\"bg-slate-900 rounded-xl shadow-lg text-white p-8 relative overflow-hidden\">\n        <h3 class=\"text-xl font-bold mb-6 flex items-center gap-2\" style=\"margin-top: 0; color: white;\">\n          <i class=\"fa-solid fa-upload text-orange-400\"><\/i> Requisitos formales\n        <\/h3>\n        \n        <div class=\"space-y-6 relative z-10\">\n          <div class=\"bg-slate-800\/50 border border-slate-700 p-4 rounded-lg mb-4\">\n            <div class=\"flex items-center gap-2 text-orange-400 font-bold mb-1 text-sm uppercase\">Paso 1: Papel (Excluyente)<\/div>\n            <p class=\"text-sm text-slate-300\" style=\"margin: 0;\">Presentar la propuesta pedag\u00f3gica en formato papel (debe contar con la caratula institucional firmada por los\/as responsables) en \u00e1rea administrativa hasta el 10 de marzo a las 21:30 hs.<\/p>\n          <\/div>\n\n          <div class=\"space-y-3\">\n            <div class=\"flex items-center gap-2 text-orange-400 font-bold text-sm uppercase mb-2\">Paso 2: Formularios Digitales (Excluyente)<\/div>\n            \n            <a href=\"https:\/\/forms.gle\/Y7RvJHzaqUek3AXu7\" target=\"_blank\" rel=\"noopener noreferrer\" style=\"text-decoration: none;\" class=\"w-full flex items-center justify-between bg-orange-500 hover:bg-orange-600 text-white px-5 py-3 rounded-lg transition-colors duration-200 font-medium text-sm mb-3\">\n              Subir Propuesta Pedag\u00f3gica\n              <i class=\"fa-solid fa-arrow-up-right-from-square\"><\/i>\n            <\/a>\n\n            <a href=\"https:\/\/forms.gle\/vn8V1XfMYvKzZ6JK9\" target=\"_blank\" rel=\"noopener noreferrer\" style=\"text-decoration: none;\" class=\"w-full flex items-center justify-between bg-slate-700 hover:bg-slate-600 text-white px-5 py-3 rounded-lg transition-colors duration-200 font-medium text-sm border border-slate-600\">\n              Enviar Curriculum Vitae Institucional\n              <i class=\"fa-solid fa-arrow-up-right-from-square\"><\/i>\n            <\/a>\n          <\/div>\n\n          <div class=\"bg-slate-800\/50 border border-slate-700 p-4 rounded-lg mt-2\">\n            <p class=\"text-sm text-slate-300 leading-relaxed\" style=\"margin: 0;\">\n              En la secci\u00f3n <strong>Oferta Acad\u00e9mica<\/strong> de la web institucional <a href=\"https:\/\/isfd802-chu.infd.edu.ar\/\" target=\"_blank\" rel=\"noopener noreferrer\" class=\"text-orange-400 hover:text-orange-300 underline\">https:\/\/isfd802-chu.infd.edu.ar\/<\/a> encontrar\u00e1n los Dise\u00f1os Curriculares vigentes y en la <strong>Secci\u00f3n Descargas<\/strong>, los modelos de Car\u00e1tula y CV institucional.\n            <\/p>\n          <\/div>\n        <\/div>\n      <\/div>\n    <\/div>\n\n    <!-- CRITERIOS DE EVALUACI\u00d3N Y ALERTA LEGAL -->\n    <div class=\"bg-white rounded-xl shadow-sm border border-slate-200 overflow-hidden mb-12\">\n      <div class=\"p-8\">\n        <h3 class=\"text-2xl font-bold text-slate-900 mb-6\" style=\"margin-top: 0;\">Evaluaci\u00f3n de proyectos<\/h3>\n        <p class=\"text-sm text-slate-600 mb-4\">Las propuestas ser\u00e1n evaluadas teniendo en cuenta los siguientes \u00edtems:<\/p>\n        <ul class=\"list-disc pl-5 space-y-2 mb-8 text-sm text-slate-600\">\n          <li>Titulaci\u00f3n del \/ los postulantes.<\/li>\n          <li>Antecedentes docentes e institucionales.<\/li>\n          <li>Proyecto presentado.<\/li>\n        <\/ul>\n        \n        <h3 class=\"text-xl font-bold text-slate-900 mb-6\" style=\"margin-top: 0;\">Criterios de Evaluaci\u00f3n<\/h3>\n        <div class=\"grid md:grid-cols-2 gap-4 text-sm text-slate-600\" style=\"display: grid; gap: 1rem;\">\n          <ul class=\"list-disc pl-5 space-y-2 mb-0\">\n            <li>La Titulaci\u00f3n del postulante se encuadra en la normativa vigente y cuenta con la formaci\u00f3n vinculada a la especificidad del espacio al que se presenta.<\/li>\n            <li>El docente y\/o equipo cuenta con antig\u00fcedad docente en el Nivel Superior y en la Formaci\u00f3n Docente en particular.<\/li>\n            <li>Adecuaci\u00f3n en la conformaci\u00f3n del equipo y\/o docente responsable del espacio a las especificidades definidas en el DC.<\/li>\n            <li>Adecuaci\u00f3n de la propuesta a las orientaciones que plantea el DC de la carrera, a nivel de los diferentes componentes del mismo.<\/li>\n          <\/ul>\n          <ul class=\"list-disc pl-5 space-y-2 mb-0\">\n            <li>Coherencia interna entre los distintos componentes de la propuesta y articulaci\u00f3n con otras unidades curriculares.<\/li>\n            <li>Pertinencia entre el formato de la unidad curricular con el dise\u00f1o metodol\u00f3gico y te\u00f3rico propuesto.<\/li>\n            <li>Actualizaci\u00f3n bibliogr\u00e1fica.<\/li>\n            <li>Cumplimiento con los requisitos formales de presentaci\u00f3n.<\/li>\n          <\/ul>\n        <\/div>\n      <\/div>\n      \n      <div class=\"bg-amber-50 border-t border-amber-200 p-6 sm:px-8 flex items-start gap-4\">\n        <i class=\"fa-solid fa-triangle-exclamation text-3xl text-amber-500\"><\/i>\n        <div>\n          <h4 class=\"font-bold text-amber-900 mb-1\" style=\"margin-top: 0;\">IMPORTANTE<\/h4>\n          <p class=\"text-amber-800 text-sm leading-relaxed\" style=\"margin: 0;\">\n            Se recuerda a todos\/as los\/as interesados\/as en cubrir las unidades curriculares tener en cuenta el marco normativo de la <strong>Ley VIII N\u00b069 (Ley de Incompatibilidad)<\/strong>. Los\/as docentes designados\/as, deber\u00e1n presentar la Declaraci\u00f3n Jurada de cargos previo al Alta de las horas.\n          <\/p>\n        <\/div>\n      <\/div>\n    <\/div>\n\n  <\/main>\n<\/div>\n\n<!-- SCRIPTS DE FUNCIONALIDAD -->\n<script>\n  \/\/ Script para manejar el comportamiento de los acordeones\n  function toggleAccordion(id) {\n    const content = document.getElementById(id);\n    const icon = document.getElementById('icon-' + id);\n    \n    if (content.classList.contains('open')) {\n      content.classList.remove('open');\n      icon.classList.remove('fa-chevron-up', 'text-orange-500');\n      icon.classList.add('fa-chevron-down', 'text-gray-400');\n    } else {\n      content.classList.add('open');\n      icon.classList.remove('fa-chevron-down', 'text-gray-400');\n      icon.classList.add('fa-chevron-up', 'text-orange-500');\n    }\n  }\n\n  \/\/ Soporte b\u00e1sico para que el layout en columnas (grid) funcione bien en m\u00f3viles si el navegador del CMS es antiguo\n  document.addEventListener(\"DOMContentLoaded\", function() {\n    if (window.innerWidth >= 768) {\n      document.querySelectorAll('.grid').forEach(el => {\n        el.style.gridTemplateColumns = \"repeat(2, minmax(0, 1fr))\";\n      });\n    }\n  });\n<\/script>\n","protected":false},"excerpt":{"rendered":"<p>Circular N\u00b0 004 \/2026 ISFD N\u00b0 802 \u00abEdith Litwin\u00bb Comodoro Rivadavia Convocatoria Docente 2026 Tercer Llamado a Cobertura de Unidades Curriculares Ciclo Lectivo 2026. La Direcci\u00f3n convoca a la presentaci\u00f3n de propuestas pedag\u00f3gicas y Curriculum Vitae. Plazo de Presentaci\u00f3n Hasta el 10 de marzo de 2026 a las 21:30 hs. Modalidad Presentaci\u00f3n en formato Papel &#8230; <a title=\"Tercer Llamado\" class=\"read-more\" href=\"https:\/\/isfd802-chu.infd.edu.ar\/sitio\/tercer-llamado\/\" aria-label=\"More on Tercer Llamado\">[+]<\/a><\/p>\n","protected":false},"author":705,"featured_media":0,"parent":0,"menu_order":0,"comment_status":"closed","ping_status":"closed","template":"","meta":[],"acf":[],"_links":{"self":[{"href":"https:\/\/isfd802-chu.infd.edu.ar\/sitio\/wp-json\/wp\/v2\/pages\/4689"}],"collection":[{"href":"https:\/\/isfd802-chu.infd.edu.ar\/sitio\/wp-json\/wp\/v2\/pages"}],"about":[{"href":"https:\/\/isfd802-chu.infd.edu.ar\/sitio\/wp-json\/wp\/v2\/types\/page"}],"author":[{"embeddable":true,"href":"https:\/\/isfd802-chu.infd.edu.ar\/sitio\/wp-json\/wp\/v2\/users\/705"}],"replies":[{"embeddable":true,"href":"https:\/\/isfd802-chu.infd.edu.ar\/sitio\/wp-json\/wp\/v2\/comments?post=4689"}],"version-history":[{"count":2,"href":"https:\/\/isfd802-chu.infd.edu.ar\/sitio\/wp-json\/wp\/v2\/pages\/4689\/revisions"}],"predecessor-version":[{"id":4691,"href":"https:\/\/isfd802-chu.infd.edu.ar\/sitio\/wp-json\/wp\/v2\/pages\/4689\/revisions\/4691"}],"wp:attachment":[{"href":"https:\/\/isfd802-chu.infd.edu.ar\/sitio\/wp-json\/wp\/v2\/media?parent=4689"}],"curies":[{"name":"wp","href":"https:\/\/api.w.org\/{rel}","templated":true}]}}