{"id":4527,"date":"2026-01-10T18:18:21","date_gmt":"2026-01-10T21:18:21","guid":{"rendered":"https:\/\/isfd802-chu.infd.edu.ar\/sitio\/?page_id=4527"},"modified":"2026-02-21T16:56:31","modified_gmt":"2026-02-21T19:56:31","slug":"mesa-de-examen-final","status":"publish","type":"page","link":"https:\/\/isfd802-chu.infd.edu.ar\/sitio\/mesa-de-examen-final\/","title":{"rendered":"Mesa de examen final"},"content":{"rendered":"\n<p><\/p>\n\n\n\n<p class=\"has-text-align-center has-large-font-size\">Listado de inscriptos a mesa de ex\u00e1menes<\/p>\n\n\n\n<p>Pordr\u00e1n consultar su inscripci\u00f3n a la mesa y en que condici\u00f3n deben rendir.<\/p>\n\n\n\n<!-- INICIO SISTEMA DE MESAS ISFD 802 -->\n<div style=\"width: 100%; min-height: 850px; overflow: hidden; border: 1px solid #e2e8f0; border-radius: 8px;\">\n  <iframe \n    src=\"https:\/\/script.google.com\/macros\/s\/AKfycbysFx_FPQmPhEBGVLDfvUXE2PdMtiYCwijVxZomKKheyqtP_Ty4_rzo3HBi4ja1UcMC\/exec\" \n    style=\"width: 100%; height: 850px; border: none;\" \n    title=\"Consulta de Mesas de Examen ISFD 802\"\n    loading=\"lazy\"\n    allow=\"clipboard-write\">\n  <\/iframe>\n<\/div>\n<!-- FIN SISTEMA DE MESAS -->\n\n\n\n<p class=\"has-text-align-center has-contrast-color has-text-color has-large-font-size\">Cronogramas mesas de ex\u00e1menes<\/p>\n\n\n\n<p>Listado completo de las mesas de examen, donde deber\u00e1n elegir la carrera espec\u00edfica y aparecer\u00e1n todas las mesas de la misma.<\/p>\n\n\n\n<iframe loading=\"lazy\" \n    src=\"https:\/\/mesaexamen802.netlify.app\/\" \n    width=\"100%\" \n    height=\"1200px\" \n    style=\"border:none; border-radius: 12px; box-shadow: 0 4px 12px rgba(0,0,0,0.15); background-color: #f8fafc;\"\n    title=\"Sistema de Mesas de Examen ISFD 802\"\n    allow=\"clipboard-write\">\n<\/iframe>\n","protected":false},"excerpt":{"rendered":"<p>Listado de inscriptos a mesa de ex\u00e1menes Pordr\u00e1n consultar su inscripci\u00f3n a la mesa y en que condici\u00f3n deben rendir. Cronogramas mesas de ex\u00e1menes Listado completo de las mesas de examen, donde deber\u00e1n elegir la carrera espec\u00edfica y aparecer\u00e1n todas las mesas de la misma.<\/p>\n","protected":false},"author":705,"featured_media":0,"parent":0,"menu_order":0,"comment_status":"closed","ping_status":"closed","template":"","meta":[],"acf":[],"_links":{"self":[{"href":"https:\/\/isfd802-chu.infd.edu.ar\/sitio\/wp-json\/wp\/v2\/pages\/4527"}],"collection":[{"href":"https:\/\/isfd802-chu.infd.edu.ar\/sitio\/wp-json\/wp\/v2\/pages"}],"about":[{"href":"https:\/\/isfd802-chu.infd.edu.ar\/sitio\/wp-json\/wp\/v2\/types\/page"}],"author":[{"embeddable":true,"href":"https:\/\/isfd802-chu.infd.edu.ar\/sitio\/wp-json\/wp\/v2\/users\/705"}],"replies":[{"embeddable":true,"href":"https:\/\/isfd802-chu.infd.edu.ar\/sitio\/wp-json\/wp\/v2\/comments?post=4527"}],"version-history":[{"count":14,"href":"https:\/\/isfd802-chu.infd.edu.ar\/sitio\/wp-json\/wp\/v2\/pages\/4527\/revisions"}],"predecessor-version":[{"id":4664,"href":"https:\/\/isfd802-chu.infd.edu.ar\/sitio\/wp-json\/wp\/v2\/pages\/4527\/revisions\/4664"}],"wp:attachment":[{"href":"https:\/\/isfd802-chu.infd.edu.ar\/sitio\/wp-json\/wp\/v2\/media?parent=4527"}],"curies":[{"name":"wp","href":"https:\/\/api.w.org\/{rel}","templated":true}]}}