{"id":4106,"date":"2024-12-16T20:48:19","date_gmt":"2024-12-16T23:48:19","guid":{"rendered":"https:\/\/isfd802-chu.infd.edu.ar\/sitio\/?page_id=4106"},"modified":"2026-03-12T10:45:28","modified_gmt":"2026-03-12T13:45:28","slug":"tecnicatura-superior-en-administracion-publica-orientada-al-desarrollo-local","status":"publish","type":"page","link":"https:\/\/isfd802-chu.infd.edu.ar\/sitio\/tecnicatura-superior-en-administracion-publica-orientada-al-desarrollo-local\/","title":{"rendered":"Tecnicatura Superior en Administraci\u00f3n P\u00fablica Orientada al Desarrollo Local"},"content":{"rendered":"\n<p><strong>Perfil profesional<\/strong><br>El T\u00e9cnico Superior en Administraci\u00f3n P\u00fablica orientado al Desarrollo Local ser\u00e1<br>competente para la aplicaci\u00f3n de sus conocimientos y capacidades desarrolladas en su<br>formaci\u00f3n, en organismos de los \u00e1mbitos nacional, jurisdiccional y local.<br>En este sentido tendr\u00e1 competencia para participar en la gesti\u00f3n de los mismos con un<br>enfoque territorial ya que estar\u00e1 formado para la utilizaci\u00f3n, con fundamento, de modelos<br>conceptuales con aplicaci\u00f3n pr\u00e1ctica, instrumentos legales y t\u00e9cnicos que apunten a una<br>gesti\u00f3n moderna de los \u00e1mbitos gubernamentales y sociales en la promoci\u00f3n de procesos<br>de desarrollo local y regional.<br>Podr\u00e1 generar espacios de trabajo intersectorial, de participaci\u00f3n comunitaria y ciudadana<br>que promuevan el desarrollo socio productivo y cultural de su \u00e1mbito de pertenencia.<br>Participar\u00e1 en la puesta en marcha del plan de gobierno o gesti\u00f3n de las organizaciones<br>teniendo en cuenta los siguientes ejes transversales:<\/p>\n\n\n\n<ul>\n<li>Gesti\u00f3n inter e intra organizacional promoviendo espacios de participaci\u00f3n<br>comunitaria.<\/li>\n\n\n\n<li>Planificaci\u00f3n, ejecuci\u00f3n, control y mejora de procesos administrativos<br>articuladamente con los distintos sectores de las organizaciones de su<br>incumbencia.<\/li>\n\n\n\n<li>Desarrollo de su capacidad de liderazgo y comunicaci\u00f3n, negociaci\u00f3n y<br>emprendimiento, creatividad y trabajo en equipo.<\/li>\n\n\n\n<li>Promoci\u00f3n de actividades relacionadas a la Econom\u00eda Social.<\/li>\n<\/ul>\n\n\n\n<h4 class=\"wp-block-heading has-text-align-left\"><strong>Dise\u00f1o Curricu<\/strong>l<strong>ar<\/strong> Res. 1923\/25 <a href=\"https:\/\/drive.google.com\/file\/d\/1VSqwfe3l-r-6r9Q8o2IVxVPNLbbqiZrP\/view?usp=sharing\">&lt;&lt;DESCARGA>><\/a><\/h4>\n\n\n\n<p><\/p>\n","protected":false},"excerpt":{"rendered":"<p>Perfil profesionalEl T\u00e9cnico Superior en Administraci\u00f3n P\u00fablica orientado al Desarrollo Local ser\u00e1competente para la aplicaci\u00f3n de sus conocimientos y capacidades desarrolladas en suformaci\u00f3n, en organismos de los \u00e1mbitos nacional, jurisdiccional y local.En este sentido tendr\u00e1 competencia para participar en la gesti\u00f3n de los mismos con unenfoque territorial ya que estar\u00e1 formado para la utilizaci\u00f3n, con &#8230; <a title=\"Tecnicatura Superior en Administraci\u00f3n P\u00fablica Orientada al Desarrollo Local\" class=\"read-more\" href=\"https:\/\/isfd802-chu.infd.edu.ar\/sitio\/tecnicatura-superior-en-administracion-publica-orientada-al-desarrollo-local\/\" aria-label=\"More on Tecnicatura Superior en Administraci\u00f3n P\u00fablica Orientada al Desarrollo Local\">[+]<\/a><\/p>\n","protected":false},"author":3063,"featured_media":0,"parent":0,"menu_order":0,"comment_status":"closed","ping_status":"closed","template":"","meta":[],"acf":[],"_links":{"self":[{"href":"https:\/\/isfd802-chu.infd.edu.ar\/sitio\/wp-json\/wp\/v2\/pages\/4106"}],"collection":[{"href":"https:\/\/isfd802-chu.infd.edu.ar\/sitio\/wp-json\/wp\/v2\/pages"}],"about":[{"href":"https:\/\/isfd802-chu.infd.edu.ar\/sitio\/wp-json\/wp\/v2\/types\/page"}],"author":[{"embeddable":true,"href":"https:\/\/isfd802-chu.infd.edu.ar\/sitio\/wp-json\/wp\/v2\/users\/3063"}],"replies":[{"embeddable":true,"href":"https:\/\/isfd802-chu.infd.edu.ar\/sitio\/wp-json\/wp\/v2\/comments?post=4106"}],"version-history":[{"count":8,"href":"https:\/\/isfd802-chu.infd.edu.ar\/sitio\/wp-json\/wp\/v2\/pages\/4106\/revisions"}],"predecessor-version":[{"id":4711,"href":"https:\/\/isfd802-chu.infd.edu.ar\/sitio\/wp-json\/wp\/v2\/pages\/4106\/revisions\/4711"}],"wp:attachment":[{"href":"https:\/\/isfd802-chu.infd.edu.ar\/sitio\/wp-json\/wp\/v2\/media?parent=4106"}],"curies":[{"name":"wp","href":"https:\/\/api.w.org\/{rel}","templated":true}]}}