{"id":2575,"date":"2021-11-26T19:18:07","date_gmt":"2021-11-26T22:18:07","guid":{"rendered":"https:\/\/isfd802-chu.infd.edu.ar\/sitio\/?page_id=2575"},"modified":"2022-03-23T20:15:55","modified_gmt":"2022-03-23T23:15:55","slug":"oferta-academica-2022","status":"publish","type":"page","link":"https:\/\/isfd802-chu.infd.edu.ar\/sitio\/oferta-academica-2022\/","title":{"rendered":"Oferta acad\u00e9mica &#8211; Preinscripciones 2022"},"content":{"rendered":"\n<p class=\"has-text-align-center\"><strong>FORMULARIOS DE PRE INSCRIPCI\u00d3N<\/strong><\/p>\n\n\n\n<p class=\"has-text-align-center\"><strong>Comodoro Rivadavia<\/strong><\/p>\n\n\n\n<p><strong>Prof. de Educaci\u00f3n Especial con Orientaci\u00f3n en Ciegos y Disminuidos Visuales (Res. N\u00b0 178\/16)<\/strong> <span class=\"has-inline-color has-vivid-red-color\"><a href=\"https:\/\/forms.gle\/f5PF3v7s8oizgvoHA\" target=\"_blank\" rel=\"noreferrer noopener\">&lt;&lt;Inscribirse>><\/a><\/span><\/p>\n\n\n\n<p><strong>Prof. de Educaci\u00f3n Secundaria en F\u00edsica (Res. N\u00b0 545\/19)<\/strong> <a rel=\"noreferrer noopener\" href=\"https:\/\/forms.gle\/VNxLa2rAcnRCMxso9\" target=\"_blank\">&lt;&lt;inscribirse&gt;&gt;<\/a><\/p>\n\n\n\n<p><strong>Prof. de Educaci\u00f3n Secundaria en Qu\u00edmica (Res. N\u00b0 05\/20)<\/strong> <a rel=\"noreferrer noopener\" href=\"https:\/\/forms.gle\/ZCoPU5B79MzJLmFW6\" target=\"_blank\">&lt;&lt;inscribirse>><\/a> <\/p>\n\n\n\n<p><\/p>\n","protected":false},"excerpt":{"rendered":"<p>FORMULARIOS DE PRE INSCRIPCI\u00d3N Comodoro Rivadavia Prof. de Educaci\u00f3n Especial con Orientaci\u00f3n en Ciegos y Disminuidos Visuales (Res. N\u00b0 178\/16) &lt;&lt;Inscribirse>> Prof. de Educaci\u00f3n Secundaria en F\u00edsica (Res. N\u00b0 545\/19) &lt;&lt;inscribirse&gt;&gt; Prof. de Educaci\u00f3n Secundaria en Qu\u00edmica (Res. N\u00b0 05\/20) &lt;&lt;inscribirse>><\/p>\n","protected":false},"author":3148,"featured_media":0,"parent":0,"menu_order":0,"comment_status":"closed","ping_status":"closed","template":"","meta":[],"acf":[],"_links":{"self":[{"href":"https:\/\/isfd802-chu.infd.edu.ar\/sitio\/wp-json\/wp\/v2\/pages\/2575"}],"collection":[{"href":"https:\/\/isfd802-chu.infd.edu.ar\/sitio\/wp-json\/wp\/v2\/pages"}],"about":[{"href":"https:\/\/isfd802-chu.infd.edu.ar\/sitio\/wp-json\/wp\/v2\/types\/page"}],"author":[{"embeddable":true,"href":"https:\/\/isfd802-chu.infd.edu.ar\/sitio\/wp-json\/wp\/v2\/users\/3148"}],"replies":[{"embeddable":true,"href":"https:\/\/isfd802-chu.infd.edu.ar\/sitio\/wp-json\/wp\/v2\/comments?post=2575"}],"version-history":[{"count":22,"href":"https:\/\/isfd802-chu.infd.edu.ar\/sitio\/wp-json\/wp\/v2\/pages\/2575\/revisions"}],"predecessor-version":[{"id":2779,"href":"https:\/\/isfd802-chu.infd.edu.ar\/sitio\/wp-json\/wp\/v2\/pages\/2575\/revisions\/2779"}],"wp:attachment":[{"href":"https:\/\/isfd802-chu.infd.edu.ar\/sitio\/wp-json\/wp\/v2\/media?parent=2575"}],"curies":[{"name":"wp","href":"https:\/\/api.w.org\/{rel}","templated":true}]}}