{"id":2000,"date":"2019-11-25T20:23:10","date_gmt":"2019-11-25T23:23:10","guid":{"rendered":"https:\/\/isfd802-chu.infd.edu.ar\/sitio\/?page_id=2000"},"modified":"2019-11-29T16:17:22","modified_gmt":"2019-11-29T19:17:22","slug":"prof-de-etp-educacion-secundaria-de-la-modalidad-tecnico-profesional-en-concurrencia-con-titulo-de-base","status":"publish","type":"page","link":"https:\/\/isfd802-chu.infd.edu.ar\/sitio\/prof-de-etp-educacion-secundaria-de-la-modalidad-tecnico-profesional-en-concurrencia-con-titulo-de-base\/","title":{"rendered":"Prof. de ETP (Educaci\u00f3n Secundaria de la modalidad T\u00e9cnico Profesional en concurrencia con t\u00edtulo de base)"},"content":{"rendered":"<p>Resoluci\u00f3n 71\/2018 <a href=\"https:\/\/isfd802-chu.infd.edu.ar\/sitio\/wp-content\/uploads\/2019\/11\/Resolucion_ETP_71-2018.pdf\" target=\"_blank\" rel=\"noopener\">&lt;&lt; Descargar &gt;&gt;<\/a><\/p>\n","protected":false},"excerpt":{"rendered":"<p>Resoluci\u00f3n 71\/2018 &lt;&lt; Descargar &gt;&gt;<\/p>\n","protected":false},"author":3148,"featured_media":0,"parent":0,"menu_order":0,"comment_status":"closed","ping_status":"closed","template":"","meta":[],"acf":[],"_links":{"self":[{"href":"https:\/\/isfd802-chu.infd.edu.ar\/sitio\/wp-json\/wp\/v2\/pages\/2000"}],"collection":[{"href":"https:\/\/isfd802-chu.infd.edu.ar\/sitio\/wp-json\/wp\/v2\/pages"}],"about":[{"href":"https:\/\/isfd802-chu.infd.edu.ar\/sitio\/wp-json\/wp\/v2\/types\/page"}],"author":[{"embeddable":true,"href":"https:\/\/isfd802-chu.infd.edu.ar\/sitio\/wp-json\/wp\/v2\/users\/3148"}],"replies":[{"embeddable":true,"href":"https:\/\/isfd802-chu.infd.edu.ar\/sitio\/wp-json\/wp\/v2\/comments?post=2000"}],"version-history":[{"count":3,"href":"https:\/\/isfd802-chu.infd.edu.ar\/sitio\/wp-json\/wp\/v2\/pages\/2000\/revisions"}],"predecessor-version":[{"id":2010,"href":"https:\/\/isfd802-chu.infd.edu.ar\/sitio\/wp-json\/wp\/v2\/pages\/2000\/revisions\/2010"}],"wp:attachment":[{"href":"https:\/\/isfd802-chu.infd.edu.ar\/sitio\/wp-json\/wp\/v2\/media?parent=2000"}],"curies":[{"name":"wp","href":"https:\/\/api.w.org\/{rel}","templated":true}]}}