{"id":1175,"date":"2018-08-22T01:24:05","date_gmt":"2018-08-22T04:24:05","guid":{"rendered":"https:\/\/isfd802-chu.infd.edu.ar\/sitio\/?page_id=1175"},"modified":"2026-03-04T20:39:27","modified_gmt":"2026-03-04T23:39:27","slug":"cursado2024_1c","status":"publish","type":"page","link":"https:\/\/isfd802-chu.infd.edu.ar\/sitio\/cursado2024_1c\/","title":{"rendered":"Horarios de cursado 2026"},"content":{"rendered":"<h3>Horario de Cursado &#8211; 1\u00b0 Cuatrimestre Ciclo Lectivo 2025 &#8211; Esc. N\u00b0 1<\/h3>\n<blockquote>\n<p><em>Aclaraci\u00f3n importante:<\/em><\/p>\n<ul>\n<li><em>Los horarios est\u00e1n sujetos a modificaciones debido a que algunos espacios curriculares a\u00fan no se han cubierto.<\/em><\/li>\n<li>Las Unidades Curriculares confirmadas son las que se encuentran coloreadas de color turquesa.<\/li>\n<\/ul>\n<\/blockquote>\n<p>\u00a0<\/p>\n\n\n<iframe loading=\"lazy\" \n  src=\"https:\/\/horarios2026isfd802.netlify.app\/\" \n  width=\"100%\" \n  height=\"900px\" \n  style=\"border: 2px solid #e2e8f0; border-radius: 12px; box-shadow: 0 4px 6px rgba(0,0,0,0.1);\" \n  allowfullscreen>\n<\/iframe>\n<p style=\"text-align: center; margin-top: 15px; font-size: 14px;\">\n  \u00bfTienes problemas para ver la grilla? <a href=\"https:\/\/horarios2026isfd802.netlify.app\/\" target=\"_blank\" rel=\"noopener\">Haz clic aqu\u00ed para abrir a pantalla completa<\/a>.\n<\/p>\n\n\n\n<p><\/p>\n","protected":false},"excerpt":{"rendered":"<p>Horario de Cursado &#8211; 1\u00b0 Cuatrimestre Ciclo Lectivo 2025 &#8211; Esc. N\u00b0 1 Aclaraci\u00f3n importante: Los horarios est\u00e1n sujetos a modificaciones debido a que algunos espacios curriculares a\u00fan no se han cubierto. Las Unidades Curriculares confirmadas son las que se encuentran coloreadas de color turquesa. \u00a0 \u00bfTienes problemas para ver la grilla? Haz clic aqu\u00ed &#8230; <a title=\"Horarios de cursado 2026\" class=\"read-more\" href=\"https:\/\/isfd802-chu.infd.edu.ar\/sitio\/cursado2024_1c\/\" aria-label=\"More on Horarios de cursado 2026\">[+]<\/a><\/p>\n","protected":false},"author":705,"featured_media":0,"parent":0,"menu_order":0,"comment_status":"closed","ping_status":"closed","template":"","meta":[],"acf":[],"_links":{"self":[{"href":"https:\/\/isfd802-chu.infd.edu.ar\/sitio\/wp-json\/wp\/v2\/pages\/1175"}],"collection":[{"href":"https:\/\/isfd802-chu.infd.edu.ar\/sitio\/wp-json\/wp\/v2\/pages"}],"about":[{"href":"https:\/\/isfd802-chu.infd.edu.ar\/sitio\/wp-json\/wp\/v2\/types\/page"}],"author":[{"embeddable":true,"href":"https:\/\/isfd802-chu.infd.edu.ar\/sitio\/wp-json\/wp\/v2\/users\/705"}],"replies":[{"embeddable":true,"href":"https:\/\/isfd802-chu.infd.edu.ar\/sitio\/wp-json\/wp\/v2\/comments?post=1175"}],"version-history":[{"count":62,"href":"https:\/\/isfd802-chu.infd.edu.ar\/sitio\/wp-json\/wp\/v2\/pages\/1175\/revisions"}],"predecessor-version":[{"id":4687,"href":"https:\/\/isfd802-chu.infd.edu.ar\/sitio\/wp-json\/wp\/v2\/pages\/1175\/revisions\/4687"}],"wp:attachment":[{"href":"https:\/\/isfd802-chu.infd.edu.ar\/sitio\/wp-json\/wp\/v2\/media?parent=1175"}],"curies":[{"name":"wp","href":"https:\/\/api.w.org\/{rel}","templated":true}]}}